{"id":1158,"date":"2022-09-15T22:55:18","date_gmt":"2022-09-16T02:55:18","guid":{"rendered":"http:\/\/alt-perubolivia.org\/?page_id=1158"},"modified":"2022-11-10T14:28:34","modified_gmt":"2022-11-10T18:28:34","slug":"que-es-la-alt","status":"publish","type":"page","link":"https:\/\/alt-perubolivia.org\/?page_id=1158","title":{"rendered":"Qu\u00e9 es la ALT"},"content":{"rendered":"<p style=\"text-align: justify;\">La Autoridad Binacional Aut\u00f3noma del Sistema H\u00eddrico del Lago Titicaca, R\u00edo Desaguadero, Lago Poop\u00f3, Salar de Coipasa, que en adelante tambi\u00e9n podr\u00e1 ser denominada como ALT; es una entidad de derecho p\u00fablico internacional con plena autonom\u00eda de decisi\u00f3n y gesti\u00f3n en el \u00e1mbito t\u00e9cnico, administrativo-econ\u00f3mico y financiero, depende funcionalmente de los Ministerios de Relaciones Exteriores del Per\u00fa y Bolivia. Creada en 1996 por convenio binacional entre los gobiernos de Bolivia y Per\u00fa aprobado con Resoluciones Legislativas de ambos paises (26873 en Per\u00fa y Ley N\u00b0 1972 en Bolivia).<\/p>\n<p style=\"text-align: center;\">VIDEO INSTITUCIONAL &#8211; AUTORIDAD BINACIONAL DEL LAGO TITICACA (ALT)<\/p>\n<p><iframe loading=\"lazy\" title=\"AUTORIDAD BINACIONAL DEL LAGO TITICACA (ALT) VIDEO INSTITUCIONAL\" src=\"https:\/\/www.youtube.com\/embed\/7SxhYqQIx5c\" width=\"752\" height=\"423\" frameborder=\"0\" allowfullscreen=\"allowfullscreen\"><\/iframe><\/p>\n<div class=\"wp-block-image\" style=\"text-align: justify;\">\n<h2 class=\"aligncenter is-resized\" style=\"text-align: left;\">Objetivo general<\/h2>\n<\/div>\n<p style=\"text-align: justify;\">La ALT tiene como objetivo promover y conducir las\u00a0acciones, programas y proyectos, para la conservaci\u00f3n,\u00a0control y protecci\u00f3n de los recursos h\u00eddricos e hidrobiol\u00f3gicos\u00a0del Sistema H\u00eddrico TDPS en el marco del\u00a0Plan Director Global Binacional (PDGB).<\/p>\n<ul style=\"text-align: justify;\">\n<li>Contribuir al desarrollo sostenible en el \u00e1mbito del TDPS; basado en el aprovechamiento racional de los recursos\u00a0naturales: agua, biodiversidad y suelo.<\/li>\n<li>Contribuir al control de las fuentes contaminantes que afectan la calidad de los recursos h\u00eddricos del \u00e1mbito del TDPS.<\/li>\n<li>Fortalecer los lazos de integraci\u00f3n binacional Per\u00fa \u2013 Bolivia.<\/li>\n<li>Contribuir al conocimiento, prevenci\u00f3n y adaptaci\u00f3n al cambio clim\u00e1tico.<\/li>\n<li>Fortalecer la GIRH a nivel binacional Per\u00fa \u2013 Bolivia.<\/li>\n<\/ul>\n<h2 style=\"text-align: justify;\">Funciones<\/h2>\n<ul>\n<li style=\"text-align: justify;\">Estudiar y analizar instrumentos de armonizaci\u00f3n legal y reglamentaria de las normas nacionales en relaci\u00f3n a la Gesti\u00f3n de Recursos H\u00eddricos e\u00a0Hidrobiol\u00f3gicos el TDPS.<\/li>\n<li style=\"text-align: justify;\">Apoyar y promover la preservaci\u00f3n, recuperaci\u00f3n, protecci\u00f3n y conservaci\u00f3n de los ecosistemas naturales, de acuerdo al PD, tendiendo a mantener y mejorar la sustentabilidad ambiental del TDPS. Establecer normas de\u00a0calidad del agua. Promover tecnolog\u00edas de usos racional de los\u00a0Recursos Naturales. Una gran funci\u00f3n.<\/li>\n<li style=\"text-align: justify;\">Administrar los Programas y Operar y Mantener las obras de\u00a0car\u00e1cter binacional, o encargarlas a una entidad p\u00fablica o privada\u00a0supervisando el uso equilibrado de los RR.HH e hidrobiol\u00f3gicos y el\u00a0logro del efecto deseado en cuanto a la protecci\u00f3n contra las\u00a0inundaciones y sequ\u00edas.<\/li>\n<li style=\"text-align: justify;\">Fomentar la cooperaci\u00f3n horizontal entre la ALT y otras entidades, que\u00a0permitan implementar acciones de transferencia tecnol\u00f3gica y capacitaci\u00f3n\u00a0tanto desde la ALT como hacia \u00e9sta.<\/li>\n<li style=\"text-align: justify;\">Establecer pautas de aprovechamiento y manejo del recurso h\u00eddrico e hidrobiol\u00f3gico, en concordancia con el PD, mientras no se legisle al respecto.<\/li>\n<li style=\"text-align: justify;\">Propiciar una estrecha coordinaci\u00f3n interinstitucional tanto a nivel nacional\u00a0como internacional, en aspectos de inter\u00e9s de la ALT.<\/li>\n<li style=\"text-align: justify;\">Suscribir los Convenios o Contratos que considere convenientes para la adecuada\u00a0gesti\u00f3n del agua y aplicaci\u00f3n y promoci\u00f3n del Plan Director.<\/li>\n<li style=\"text-align: justify;\">\u00a0Otros que le encarguen los Gobiernos de Per\u00fa y Bolivia vinculados al \u00e1rea de\u00a0influencia del\u00a0TDPS.<\/li>\n<\/ul>\n","protected":false},"excerpt":{"rendered":"<p>La Autoridad Binacional Aut\u00f3noma del Sistema H\u00eddrico del Lago Titicaca, R\u00edo Desaguadero, Lago Poop\u00f3, Salar de Coipasa, que en adelante tambi\u00e9n podr\u00e1 ser denominada como ALT; es una entidad de [&hellip;]<\/p>\n","protected":false},"author":1,"featured_media":0,"parent":0,"menu_order":0,"comment_status":"closed","ping_status":"closed","template":"","meta":[],"_links":{"self":[{"href":"https:\/\/alt-perubolivia.org\/index.php?rest_route=\/wp\/v2\/pages\/1158"}],"collection":[{"href":"https:\/\/alt-perubolivia.org\/index.php?rest_route=\/wp\/v2\/pages"}],"about":[{"href":"https:\/\/alt-perubolivia.org\/index.php?rest_route=\/wp\/v2\/types\/page"}],"author":[{"embeddable":true,"href":"https:\/\/alt-perubolivia.org\/index.php?rest_route=\/wp\/v2\/users\/1"}],"replies":[{"embeddable":true,"href":"https:\/\/alt-perubolivia.org\/index.php?rest_route=%2Fwp%2Fv2%2Fcomments&post=1158"}],"version-history":[{"count":12,"href":"https:\/\/alt-perubolivia.org\/index.php?rest_route=\/wp\/v2\/pages\/1158\/revisions"}],"predecessor-version":[{"id":1257,"href":"https:\/\/alt-perubolivia.org\/index.php?rest_route=\/wp\/v2\/pages\/1158\/revisions\/1257"}],"wp:attachment":[{"href":"https:\/\/alt-perubolivia.org\/index.php?rest_route=%2Fwp%2Fv2%2Fmedia&parent=1158"}],"curies":[{"name":"wp","href":"https:\/\/api.w.org\/{rel}","templated":true}]}}