{"id":1160,"date":"2022-09-15T22:56:09","date_gmt":"2022-09-16T02:56:09","guid":{"rendered":"http:\/\/alt-perubolivia.org\/?page_id=1160"},"modified":"2023-02-08T11:25:53","modified_gmt":"2023-02-08T15:25:53","slug":"ejecutivo","status":"publish","type":"page","link":"https:\/\/alt-perubolivia.org\/?page_id=1160","title":{"rendered":"\u00d3rgano Ejecutivo"},"content":{"rendered":"<h2>PRESIDENTE EJECUTIVO<\/h2>\n<h3>Lic. Juan Jos\u00e9 Ocola Salazar<\/h3>\n<p><img class=\"alignnone size-full wp-image-1369\" src=\"https:\/\/alt-perubolivia.org\/wp-content\/uploads\/2022\/12\/lic_ocola.jpeg\" alt=\"\" width=\"1280\" height=\"863\" \/><\/p>\n<p style=\"text-align: justify;\">Licenciado en Ciencias Biol\u00f3gicas (con menci\u00f3n en pesquer\u00eda), por la Universidad\u00a0Nacional del Altiplano \u2013 Puno (UNA-Puno, Per\u00fa); con m\u00e1s de 24 a\u00f1os de ejercicio\u00a0profesional. Especialista en Gesti\u00f3n Ambiental y Gesti\u00f3n de Recursos H\u00eddricos.<\/p>\n<p style=\"text-align: justify;\">Con estudios de Maestr\u00eda en Gesti\u00f3n Ambiental (Universidad Nacional Federico\u00a0Villarreal \u2013 Lima, Per\u00fa, 2000-2002). Con capacitaci\u00f3n internacional: International\u00a0Water Centre y el Centre for Water in the Minerals Industry , Australia-2013 en Uso del\u00a0agua, disponibilidad y riesgos asociados con la asignaci\u00f3n competitiva de los recursos<br \/>\nh\u00eddricos, la protecci\u00f3n de los caudales medioambientales y de los ecosistemas\u00a0acu\u00e1ticos; Gesti\u00f3n de la Calidad del Agua en la Agencia Nacional del Agua y en el\u00a0laboratorio Ambiental \u2013 CETESB, Brasil- 2012; \u201cAdecuaci\u00f3n y Manejo de Descargas\u00a0de Aguas Residuales Mineras e Industriales, Jap\u00f3n \u2013 2010; Control de la\u00a0Contaminaci\u00f3n del Agua, Jap\u00f3n 1998.<\/p>\n<p style=\"text-align: justify;\">Diplomado en Normalizaci\u00f3n y Control de la Gesti\u00f3n Ambiental (Universidad Inca\u00a0Garcilaso de la Vega, 2016); capacitaci\u00f3n en Gobernanza del Agua en un Contexto\u00a0Transfronterizo, curso auspiciado por BRIDGE III (IUCN), y en Derecho Internacional\u00a0del Agua (2016).<\/p>\n<p style=\"text-align: justify;\">Experiencia en gesti\u00f3n de la calidad de recursos h\u00eddricos, gesti\u00f3n de riesgos,\u00a0limnolog\u00eda, fuentes contaminantes, pesca y acuicultura, desarrollada a trav\u00e9s del\u00a0ejercicio profesional.<\/p>\n<p style=\"text-align: justify;\">Cuenta con experiencia en el sector p\u00fablico al haber trabajado en la Autoridad Nacional del Agua 2012 \u2013 2017, como Coordinador Nacional de Vigilancia y Monitoreo\u00a0de la Calidad del Agua, desempe\u00f1ando diversas funciones en materia de recursos\u00a0h\u00eddricos, y resoluci\u00f3n de conflictos socio ambientales; Organismo de Evaluaci\u00f3n y\u00a0Fiscalizaci\u00f3n Ambiental (OEFA) 2011: Especialista en calidad del agua, evaluaci\u00f3n y\u00a0fiscalizaci\u00f3n de los estudios de impacto ambientales del sector miner\u00eda, pesquer\u00eda,\u00a0etc.; Autoridad Nacional del Agua de 2009 a 2010: desempe\u00f1\u00f3 el cargo de especialista\u00a0en gesti\u00f3n de la calidad del agua, en impacto ambiental, y control de vertimiento de\u00a0aguas residuales; Autoridad Binacional Aut\u00f3noma del Lago Titicaca (ALT) 2008;\u00a0Proyecto Especial Lago Titicaca (PELT) 2005 \u2013 2006: especialista en impacto\u00a0ambiental en proyectos hidr\u00e1ulicos y de riego; Proyecto Especial Lago Titicaca (PELT)<br \/>\n1988 \u2013 1999: Desarroll\u00f3 diversas funciones, desde administrativas, t\u00e9cnicas, y de\u00a0especialidad, estas \u00faltimas relacionadas al estudio de la eutrofizaci\u00f3n de la Bah\u00eda\u00a0Interior de Puno del lago Titicaca, impactos ambientales de la contaminaci\u00f3n por\u00a0aguas residuales municipales. Desempe\u00f1\u00f3 el cargo de Responsable del Proyecto\u00a0\u201cDescontaminaci\u00f3n de la Bah\u00eda Interior de Puno.<\/p>\n<p style=\"text-align: justify;\">Amplia experiencia en consultor\u00eda en gesti\u00f3n ambiental, recursos naturales y\u00a0biodiversidad, gesti\u00f3n de riesgos, estudios de impacto ambiental, estudios de caudal\u00a0ecol\u00f3gico, etc. Brind\u00f3 servicios de consultor\u00eda a diversas empresas privadas, entre\u00a0ellas Asesores T\u00e9cnicos Asociados (ATA), Minera Aruntani S.A.C, Empresa San\u00a0Gab\u00e1n, Cia. Minera Antapacay, Aquarum S.A.C, Compa\u00f1\u00eda Minera ANABI S.A.C, Cia.\u00a0Minera Anubia S.A.c, PREDES, Consorcio ATA-Kukova, Project Management Per\u00fa\u00a0S.A.C, CARE Per\u00fa, Ingenier\u00eda y Medio Ambiente SRL, CEDEC Alto Andino, etc.<\/p>\n","protected":false},"excerpt":{"rendered":"<p>PRESIDENTE EJECUTIVO Lic. Juan Jos\u00e9 Ocola Salazar Licenciado en Ciencias Biol\u00f3gicas (con menci\u00f3n en pesquer\u00eda), por la Universidad\u00a0Nacional del Altiplano \u2013 Puno (UNA-Puno, Per\u00fa); con m\u00e1s de 24 a\u00f1os de [&hellip;]<\/p>\n","protected":false},"author":1,"featured_media":0,"parent":0,"menu_order":0,"comment_status":"closed","ping_status":"closed","template":"","meta":[],"_links":{"self":[{"href":"https:\/\/alt-perubolivia.org\/index.php?rest_route=\/wp\/v2\/pages\/1160"}],"collection":[{"href":"https:\/\/alt-perubolivia.org\/index.php?rest_route=\/wp\/v2\/pages"}],"about":[{"href":"https:\/\/alt-perubolivia.org\/index.php?rest_route=\/wp\/v2\/types\/page"}],"author":[{"embeddable":true,"href":"https:\/\/alt-perubolivia.org\/index.php?rest_route=\/wp\/v2\/users\/1"}],"replies":[{"embeddable":true,"href":"https:\/\/alt-perubolivia.org\/index.php?rest_route=%2Fwp%2Fv2%2Fcomments&post=1160"}],"version-history":[{"count":14,"href":"https:\/\/alt-perubolivia.org\/index.php?rest_route=\/wp\/v2\/pages\/1160\/revisions"}],"predecessor-version":[{"id":1541,"href":"https:\/\/alt-perubolivia.org\/index.php?rest_route=\/wp\/v2\/pages\/1160\/revisions\/1541"}],"wp:attachment":[{"href":"https:\/\/alt-perubolivia.org\/index.php?rest_route=%2Fwp%2Fv2%2Fmedia&parent=1160"}],"curies":[{"name":"wp","href":"https:\/\/api.w.org\/{rel}","templated":true}]}}