{"id":1166,"date":"2022-09-15T23:00:23","date_gmt":"2022-09-16T03:00:23","guid":{"rendered":"http:\/\/alt-perubolivia.org\/?page_id=1166"},"modified":"2022-10-27T06:58:46","modified_gmt":"2022-10-27T10:58:46","slug":"gestion-de-riesgos-de-eventos-extremos-y-adaptacion-al-cambio-climatico","status":"publish","type":"page","link":"https:\/\/alt-perubolivia.org\/?page_id=1166","title":{"rendered":"Gesti\u00f3n de Riesgos de Eventos Extremos y Adaptaci\u00f3n al Cambio Clim\u00e1tico"},"content":{"rendered":"<p style=\"text-align: justify;\">El trabajo en la gesti\u00f3n de riesgo de desastres ha cobrado relevancia a nivel mundial en las \u00faltimas d\u00e9cadas por su incidencia en los ecosistemas construidos dado que, genera importantes ahorros en la reconstrucci\u00f3n y atenci\u00f3n de la infraestructura y la sociedad. Por ejemplo si el Per\u00fa se viera afectado por un sismo similar al de Chile en febrero de 2011, las perdidas por haber dejado de trabajar en la gesti\u00f3n de riesgo de desastres ascender\u00edan a US$ 15,800,000,000 que equivalen aproximadamente a 1\/9 del PBI peruano.<\/p>\n<p style=\"text-align: justify;\">En referencia al cambio clim\u00e1tico, es un hecho que sus impactos permanecer\u00e1n en la cuenca binacional del TDPS sin que se pueda incidir en sus causas por lo que existe la necesidad de adaptarse a un problema existente, motivo por la ALT recoge actividades orientadas para este fin, siguiendo las recomendaciones establecidas en la estrategia de cambio clim\u00e1tico de las entidades competentes peruanas y bolivianas.<\/p>\n<p style=\"text-align: justify;\">Los planes, programas, proyectos y acciones se encuentran en el marco de las directrices del Plan Director as\u00ed como lo establecido en las instructivas encomendadas a la ALT.<\/p>\n<p style=\"text-align: justify;\">La ALT mediante el componente de Gesti\u00f3n de Riesgos, Cambio Clim\u00e1tico y Gesti\u00f3n Ambiental, aporta con actividades orientadas tanto a la evaluaci\u00f3n del estado actual de los componentes ambientales del Sistema TDPS, como a la mitigaci\u00f3n de impactos ambientales negativos.<\/p>\n<p style=\"text-align: justify;\">En el caso de medidas de mitigaci\u00f3n implantadas o por implementar por la ALT, se encuentran la Bah\u00eda interior de Puno, la Bah\u00eda de Cohana, los r\u00edos Ramis, Cohata y Katari; donde la ALT en convenio con Universidades y otras entidades ejecuta proyectos piloto para la descontaminaci\u00f3n de los puntos eutrofizados en las zonas anteriormente mencionadas, el objetivo principal de estas actividades es el de poder contar con m\u00e9todos o sistemas de descontaminaci\u00f3n adecuados para las zonas de estudio, para poder de esta manera replicarlos en las zonas con eutrofizaci\u00f3n en el lago Titicaca.<\/p>\n<p style=\"text-align: justify;\">El componente tambi\u00e9n cuenta con el apoyo a iniciativas de gesti\u00f3n y protecci\u00f3n ambiental del lago Titicaca de car\u00e1cter Municipal y Comunal en Per\u00fa, para lo cual se hacen talleres de sensibilizaci\u00f3n a comunidades, firma de convenios para el logro del desarrollo socioecon\u00f3mico sostenible, entre otras actividades.<\/p>\n<p><img class=\"alignnone size-full wp-image-1226\" src=\"https:\/\/alt-perubolivia.org\/wp-content\/uploads\/2022\/10\/gestion-de-riesgos-cambio-climatico-768x576-1.jpg\" alt=\"\" width=\"768\" height=\"576\" \/><\/p>\n","protected":false},"excerpt":{"rendered":"<p>El trabajo en la gesti\u00f3n de riesgo de desastres ha cobrado relevancia a nivel mundial en las \u00faltimas d\u00e9cadas por su incidencia en los ecosistemas construidos dado que, genera importantes [&hellip;]<\/p>\n","protected":false},"author":1,"featured_media":0,"parent":0,"menu_order":0,"comment_status":"closed","ping_status":"closed","template":"","meta":[],"_links":{"self":[{"href":"https:\/\/alt-perubolivia.org\/index.php?rest_route=\/wp\/v2\/pages\/1166"}],"collection":[{"href":"https:\/\/alt-perubolivia.org\/index.php?rest_route=\/wp\/v2\/pages"}],"about":[{"href":"https:\/\/alt-perubolivia.org\/index.php?rest_route=\/wp\/v2\/types\/page"}],"author":[{"embeddable":true,"href":"https:\/\/alt-perubolivia.org\/index.php?rest_route=\/wp\/v2\/users\/1"}],"replies":[{"embeddable":true,"href":"https:\/\/alt-perubolivia.org\/index.php?rest_route=%2Fwp%2Fv2%2Fcomments&post=1166"}],"version-history":[{"count":6,"href":"https:\/\/alt-perubolivia.org\/index.php?rest_route=\/wp\/v2\/pages\/1166\/revisions"}],"predecessor-version":[{"id":1250,"href":"https:\/\/alt-perubolivia.org\/index.php?rest_route=\/wp\/v2\/pages\/1166\/revisions\/1250"}],"wp:attachment":[{"href":"https:\/\/alt-perubolivia.org\/index.php?rest_route=%2Fwp%2Fv2%2Fmedia&parent=1166"}],"curies":[{"name":"wp","href":"https:\/\/api.w.org\/{rel}","templated":true}]}}