{"id":1168,"date":"2022-09-15T23:00:40","date_gmt":"2022-09-16T03:00:40","guid":{"rendered":"http:\/\/alt-perubolivia.org\/?page_id=1168"},"modified":"2022-10-27T05:59:19","modified_gmt":"2022-10-27T09:59:19","slug":"gestion-ambiental","status":"publish","type":"page","link":"https:\/\/alt-perubolivia.org\/?page_id=1168","title":{"rendered":"Gesti\u00f3n Ambiental"},"content":{"rendered":"<p style=\"text-align: justify;\">El sistema h\u00eddrico del TDPS, es una superposici\u00f3n de sistemas culturas y socioecon\u00f3micos, en el que la mayor parte de la poblaci\u00f3n desarrolla su econom\u00eda en base a la actividad agraria extensiva, que convive con las actividades extractivas de la miner\u00eda; esto a provocado una alta presi\u00f3n sobre los recursos naturales de la zona, especialmente los h\u00eddricos, teniendo como consecuencia la degradaci\u00f3n gradual del medio ambiente.<\/p>\n<p style=\"text-align: justify;\">En este \u00e1mbito la gesti\u00f3n ambiental que se relaza, est\u00e1 orientada a la mitigaci\u00f3n de riesgos ambientales con el fin de mejorar la calidad de vida de los habitantes, y lograr el desarrollo sostenible en el \u00e1mbito del sistema.<\/p>\n<h2 style=\"text-align: justify;\">Cumplimiento de la licencia ambiental de las Obras de Regulaci\u00f3n del Lago Titicaca (ORLT) y Dragado<\/h2>\n<p style=\"text-align: justify;\">La implementaci\u00f3n de las recomendaciones del Plan Director Global Binacional de Protecci\u00f3n \u2013 Prevenci\u00f3n de Inundaciones y Aprovechamiento de los Recursos H\u00eddricos del Lago Titicaca, R\u00edo Desaguadero, Lago Poop\u00f3 y Salar de Coipasa (Sistema TDPS), implican la ejecuci\u00f3n de varias obras de regulaci\u00f3n (y el mantenimiento de las mismas) en el eje del r\u00edo Desaguadero y los cuerpos de agua relacionados a este, con el objeto de mitigar los efectos de los eventos extremos en que se desarrollan en el sistema (sequ\u00edas e inundaciones)<\/p>\n<p style=\"text-align: justify;\">Anualmente la ALT, emite el informe de cumplimiento de la licencia ambiental para las actividades que se desarrollan en la Obra de Regulaci\u00f3n del Lago Titicaca y el Dragado en el tramo de Nazacara, del r\u00edo Desaguadero, considerando todos los factores (agua, aire, suelo, entre otros) que pueden ser alterados por las actividades que se desarrollan; de esta manera las intervenciones que se realizan cumplen con los est\u00e1ndares de control ambiental, controlados por la Autoridad Ambiental Competente del Estado Plurinacional de Bolivia.<\/p>\n","protected":false},"excerpt":{"rendered":"<p>El sistema h\u00eddrico del TDPS, es una superposici\u00f3n de sistemas culturas y socioecon\u00f3micos, en el que la mayor parte de la poblaci\u00f3n desarrolla su econom\u00eda en base a la actividad [&hellip;]<\/p>\n","protected":false},"author":1,"featured_media":0,"parent":0,"menu_order":0,"comment_status":"closed","ping_status":"closed","template":"","meta":[],"_links":{"self":[{"href":"https:\/\/alt-perubolivia.org\/index.php?rest_route=\/wp\/v2\/pages\/1168"}],"collection":[{"href":"https:\/\/alt-perubolivia.org\/index.php?rest_route=\/wp\/v2\/pages"}],"about":[{"href":"https:\/\/alt-perubolivia.org\/index.php?rest_route=\/wp\/v2\/types\/page"}],"author":[{"embeddable":true,"href":"https:\/\/alt-perubolivia.org\/index.php?rest_route=\/wp\/v2\/users\/1"}],"replies":[{"embeddable":true,"href":"https:\/\/alt-perubolivia.org\/index.php?rest_route=%2Fwp%2Fv2%2Fcomments&post=1168"}],"version-history":[{"count":3,"href":"https:\/\/alt-perubolivia.org\/index.php?rest_route=\/wp\/v2\/pages\/1168\/revisions"}],"predecessor-version":[{"id":1231,"href":"https:\/\/alt-perubolivia.org\/index.php?rest_route=\/wp\/v2\/pages\/1168\/revisions\/1231"}],"wp:attachment":[{"href":"https:\/\/alt-perubolivia.org\/index.php?rest_route=%2Fwp%2Fv2%2Fmedia&parent=1168"}],"curies":[{"name":"wp","href":"https:\/\/api.w.org\/{rel}","templated":true}]}}