{"id":1170,"date":"2022-09-15T23:00:56","date_gmt":"2022-09-16T03:00:56","guid":{"rendered":"http:\/\/alt-perubolivia.org\/?page_id=1170"},"modified":"2023-01-30T10:46:34","modified_gmt":"2023-01-30T14:46:34","slug":"gestion-de-recursos-hidricos-e-hidrobiologicos","status":"publish","type":"page","link":"https:\/\/alt-perubolivia.org\/?page_id=1170","title":{"rendered":"Gesti\u00f3n de Recursos H\u00eddricos e Hidrobiol\u00f3gicos"},"content":{"rendered":"<p style=\"text-align: justify;\">El objetivo principal del Plan Director Global, se orienta a establecer el control, conservaci\u00f3n y uso adecuado de los m\u00faltiples recursos del sistema, fundamentalmente el h\u00eddrico y el hidrobiol\u00f3gico del Sistema TDPS, sin afectar negativamente el ecosistema de la regi\u00f3n, considerando las posibilidades de utilizaci\u00f3n conjunta o individual de esos recursos por parte de Bolivia y el Per\u00fa.<\/p>\n<p><a class=\"fasc-button fasc-size-large fasc-type-glossy fasc-rounded-medium\" style=\"background-color: #33809e; color: #ffffff;\" href=\"https:\/\/alt-perubolivia.org\/gestion-de-recursos-hidrobiologicos\/\">Gesti\u00f3n de Recursos Hidrobiol\u00f3gicos<\/a><\/p>\n<p><a class=\"fasc-button fasc-size-large fasc-type-glossy fasc-rounded-medium\" style=\"background-color: #33809e; color: #ffffff;\" href=\"https:\/\/alt-perubolivia.org\/gestion-de-recursos-hidricos\/\">Gesti\u00f3n de Recursos H\u00eddricos<\/a><\/p>\n","protected":false},"excerpt":{"rendered":"<p>El objetivo principal del Plan Director Global, se orienta a establecer el control, conservaci\u00f3n y uso adecuado de los m\u00faltiples recursos del sistema, fundamentalmente el h\u00eddrico y el hidrobiol\u00f3gico del [&hellip;]<\/p>\n","protected":false},"author":1,"featured_media":0,"parent":0,"menu_order":0,"comment_status":"closed","ping_status":"closed","template":"","meta":[],"_links":{"self":[{"href":"https:\/\/alt-perubolivia.org\/index.php?rest_route=\/wp\/v2\/pages\/1170"}],"collection":[{"href":"https:\/\/alt-perubolivia.org\/index.php?rest_route=\/wp\/v2\/pages"}],"about":[{"href":"https:\/\/alt-perubolivia.org\/index.php?rest_route=\/wp\/v2\/types\/page"}],"author":[{"embeddable":true,"href":"https:\/\/alt-perubolivia.org\/index.php?rest_route=\/wp\/v2\/users\/1"}],"replies":[{"embeddable":true,"href":"https:\/\/alt-perubolivia.org\/index.php?rest_route=%2Fwp%2Fv2%2Fcomments&post=1170"}],"version-history":[{"count":9,"href":"https:\/\/alt-perubolivia.org\/index.php?rest_route=\/wp\/v2\/pages\/1170\/revisions"}],"predecessor-version":[{"id":1519,"href":"https:\/\/alt-perubolivia.org\/index.php?rest_route=\/wp\/v2\/pages\/1170\/revisions\/1519"}],"wp:attachment":[{"href":"https:\/\/alt-perubolivia.org\/index.php?rest_route=%2Fwp%2Fv2%2Fmedia&parent=1170"}],"curies":[{"name":"wp","href":"https:\/\/api.w.org\/{rel}","templated":true}]}}