{"id":1174,"date":"2022-09-15T23:01:30","date_gmt":"2022-09-16T03:01:30","guid":{"rendered":"http:\/\/alt-perubolivia.org\/?page_id=1174"},"modified":"2023-01-19T12:01:03","modified_gmt":"2023-01-19T16:01:03","slug":"gestion-institucional","status":"publish","type":"page","link":"https:\/\/alt-perubolivia.org\/?page_id=1174","title":{"rendered":"Gesti\u00f3n Institucional"},"content":{"rendered":"<p style=\"text-align: justify;\">La Gesti\u00f3n Institucional de la ALT como organismo de derecho p\u00fablico internacional con plena autonom\u00eda de decisi\u00f3n y gesti\u00f3n en el \u00e1mbito t\u00e9cnico, administrativo-econ\u00f3mico y financiero, por su naturaleza, se rige por:<\/p>\n<ul style=\"text-align: justify;\">\n<li><a href=\"https:\/\/alt-perubolivia.org\/wp-content\/uploads\/2023\/01\/EstatutoALT.pdf\" target=\"_blank\" rel=\"noopener\"><u>Estatuto de Creaci\u00f3n y funcionamiento de la Autoridad Binacional Aut\u00f3noma del Sistema H\u00eddrico del Lago Titicaca, Rio Desaguadero, Lago Poop\u00f3 y Salar de Coipasa.<\/u><\/a><\/li>\n<li><a href=\"https:\/\/alt-perubolivia.org\/wp-content\/uploads\/2023\/01\/REGLAMENTO-FINANCIERO.pdf\" target=\"_blank\" rel=\"noopener\"><u>Reglamento de manejo econ\u00f3mico y financiero de la Autoridad Binacional Aut\u00f3noma del Sistema H\u00eddrico del Lago Titicaca, Rio Desaguadero, Lago Poop\u00f3 y Salar de Coipasa\u00a0<\/u><\/a><\/li>\n<li><a href=\"https:\/\/alt-perubolivia.org\/wp-content\/uploads\/2023\/01\/ConvenioSede_1.pdf\" target=\"_blank\" rel=\"noopener\"><u>Convenio sede de la Autoridad Binacional Aut\u00f3noma del Sistema H\u00eddrico del Lago Titicaca, Rio Desaguadero, Lago Poop\u00f3 y Salar de Coipasa<\/u><\/a><\/li>\n<\/ul>\n<p style=\"text-align: justify;\">As\u00ed mismo, cuenta con normas internas como: Manual de Organizaci\u00f3n y Funciones, Reglamento Especial de Administraci\u00f3n de Personal, Reglamento de Adquisici\u00f3n de Bienes y Servicios entre otros.<\/p>\n","protected":false},"excerpt":{"rendered":"<p>La Gesti\u00f3n Institucional de la ALT como organismo de derecho p\u00fablico internacional con plena autonom\u00eda de decisi\u00f3n y gesti\u00f3n en el \u00e1mbito t\u00e9cnico, administrativo-econ\u00f3mico y financiero, por su naturaleza, se [&hellip;]<\/p>\n","protected":false},"author":1,"featured_media":0,"parent":0,"menu_order":0,"comment_status":"closed","ping_status":"closed","template":"","meta":[],"_links":{"self":[{"href":"https:\/\/alt-perubolivia.org\/index.php?rest_route=\/wp\/v2\/pages\/1174"}],"collection":[{"href":"https:\/\/alt-perubolivia.org\/index.php?rest_route=\/wp\/v2\/pages"}],"about":[{"href":"https:\/\/alt-perubolivia.org\/index.php?rest_route=\/wp\/v2\/types\/page"}],"author":[{"embeddable":true,"href":"https:\/\/alt-perubolivia.org\/index.php?rest_route=\/wp\/v2\/users\/1"}],"replies":[{"embeddable":true,"href":"https:\/\/alt-perubolivia.org\/index.php?rest_route=%2Fwp%2Fv2%2Fcomments&post=1174"}],"version-history":[{"count":6,"href":"https:\/\/alt-perubolivia.org\/index.php?rest_route=\/wp\/v2\/pages\/1174\/revisions"}],"predecessor-version":[{"id":1496,"href":"https:\/\/alt-perubolivia.org\/index.php?rest_route=\/wp\/v2\/pages\/1174\/revisions\/1496"}],"wp:attachment":[{"href":"https:\/\/alt-perubolivia.org\/index.php?rest_route=%2Fwp%2Fv2%2Fmedia&parent=1174"}],"curies":[{"name":"wp","href":"https:\/\/api.w.org\/{rel}","templated":true}]}}