{"id":1253,"date":"2022-11-10T14:26:26","date_gmt":"2022-11-10T18:26:26","guid":{"rendered":"http:\/\/alt-perubolivia.org\/?page_id=1253"},"modified":"2023-01-16T17:33:24","modified_gmt":"2023-01-16T21:33:24","slug":"vision","status":"publish","type":"page","link":"https:\/\/alt-perubolivia.org\/?page_id=1253","title":{"rendered":"Misi\u00f3n y Visi\u00f3n"},"content":{"rendered":"<p><strong>MISI\u00d3N<\/strong><\/p>\n<p style=\"text-align: justify;\">La ALT, tiene la misi\u00f3n de promover, gestionar e implementar programas y proyectos relacionados con el ordenamiento, manejo, control y protecci\u00f3n de los recursos h\u00eddricos, hidrobiol\u00f3gicos y ambientales, armonizando las acciones con las organizaciones p\u00fablicas y privadas para lograr el desarrollo sostenible del Sistema TDPS.<\/p>\n<p style=\"text-align: justify;\"><strong>VISI\u00d3N<\/strong><\/p>\n<p style=\"text-align: justify;\">La visi\u00f3n de la ALT, es constituirse en el referente internacional como la autoridad t\u00e9cnica y cient\u00edfica en la gesti\u00f3n de cuencas transfronterizas, que gestiona eficientemente los recursos h\u00eddricos, hidrobiol\u00f3gicos y ambientales, promoviendo la interrelaci\u00f3n entre todos los actores del Sistema TDPS como eje fundamental para el desarrollo sostenible.<\/p>\n","protected":false},"excerpt":{"rendered":"<p>MISI\u00d3N La ALT, tiene la misi\u00f3n de promover, gestionar e implementar programas y proyectos relacionados con el ordenamiento, manejo, control y protecci\u00f3n de los recursos h\u00eddricos, hidrobiol\u00f3gicos y ambientales, armonizando [&hellip;]<\/p>\n","protected":false},"author":2,"featured_media":0,"parent":0,"menu_order":0,"comment_status":"closed","ping_status":"closed","template":"","meta":[],"_links":{"self":[{"href":"https:\/\/alt-perubolivia.org\/index.php?rest_route=\/wp\/v2\/pages\/1253"}],"collection":[{"href":"https:\/\/alt-perubolivia.org\/index.php?rest_route=\/wp\/v2\/pages"}],"about":[{"href":"https:\/\/alt-perubolivia.org\/index.php?rest_route=\/wp\/v2\/types\/page"}],"author":[{"embeddable":true,"href":"https:\/\/alt-perubolivia.org\/index.php?rest_route=\/wp\/v2\/users\/2"}],"replies":[{"embeddable":true,"href":"https:\/\/alt-perubolivia.org\/index.php?rest_route=%2Fwp%2Fv2%2Fcomments&post=1253"}],"version-history":[{"count":6,"href":"https:\/\/alt-perubolivia.org\/index.php?rest_route=\/wp\/v2\/pages\/1253\/revisions"}],"predecessor-version":[{"id":1444,"href":"https:\/\/alt-perubolivia.org\/index.php?rest_route=\/wp\/v2\/pages\/1253\/revisions\/1444"}],"wp:attachment":[{"href":"https:\/\/alt-perubolivia.org\/index.php?rest_route=%2Fwp%2Fv2%2Fmedia&parent=1253"}],"curies":[{"name":"wp","href":"https:\/\/api.w.org\/{rel}","templated":true}]}}