{"id":1339,"date":"2022-12-15T15:20:25","date_gmt":"2022-12-15T19:20:25","guid":{"rendered":"http:\/\/alt-perubolivia.org\/?page_id=1339"},"modified":"2023-07-14T12:00:56","modified_gmt":"2023-07-14T16:00:56","slug":"estudio-de-erosion-y-sedimentos","status":"publish","type":"page","link":"https:\/\/alt-perubolivia.org\/?page_id=1339","title":{"rendered":"Control de la Erosi\u00f3n y Arrastre de Sedimentos en el R\u00edo Desaguadero"},"content":{"rendered":"<h2 style=\"text-align: justify;\"><strong>Antecedentes<\/strong><\/h2>\n<p style=\"text-align: justify;\">La erosi\u00f3n de suelos constituye uno de los problemas ambientales m\u00e1s importantes que enfrenta el mundo hoy en d\u00eda, se reconoce que la erosi\u00f3n h\u00eddrica es la causa m\u00e1s significativa de la degradaci\u00f3n del suelo y de la generaci\u00f3n de serios impactos ambientales, generando altas p\u00e9rdidas en la producci\u00f3n agr\u00edcola, da\u00f1os a la infraestructura, la calidad del agua y el bienestar de la poblaci\u00f3n, llegando a amenazar la seguridad alimentaria y el desarrollo sustentable.<\/p>\n<p style=\"text-align: justify;\">A partir de la formulaci\u00f3n del Plan Director Global Binacional (PDGB) se determin\u00f3 que en la cuenca del r\u00edo Desaguadero, la erosi\u00f3n de tipo antr\u00f3pico y geol\u00f3gico se presentan en similar extensi\u00f3n (47 % en ambos casos). Sin embargo, a nivel de clases de erosi\u00f3n, la predominancia radica en erosi\u00f3n moderada y severa de tipo geol\u00f3gico (44.5 %) sobre la antr\u00f3pica (15.5 %), identificando como las principales causales para esta situaci\u00f3n, la susceptibilidad de los suelos y rocas a la degradaci\u00f3n, pero tambi\u00e9n a la menor densidad de poblaci\u00f3n en este fr\u00e1gil \u00e1mbito. Estudios posteriores recomendaron efectuar un diagn\u00f3stico actualizado del estado de las cuencas aportantes al r\u00edo Desaguadero, con la finalidad de mejorar la identificaci\u00f3n de zonas cr\u00edticas de erosi\u00f3n, para implementar programas de manejo integral de cuencas, que permitan la estabilizaci\u00f3n de laderas, reducir la erosi\u00f3n del suelo y en consecuencia reducir tambi\u00e9n el transporte de s\u00f3lidos y el azolvamiento del r\u00edo Desaguadero.<\/p>\n<p style=\"text-align: justify;\">En este contexto, este estudio fue considerado en el Plan Operativo Anual (POA) de la ALT para la gesti\u00f3n 2018, en el componente No 1, gesti\u00f3n de recursos h\u00eddricos e hidrobiol\u00f3gicos, Sub Componente 1.3., mantenimiento del dragado del r\u00edo desaguadero y Actividad 1.3.1., estudio integral para el control de erosi\u00f3n y arrastre de sedimentos en el r\u00edo desaguadero y acciones piloto en zonas cr\u00edticas.<\/p>\n<p style=\"text-align: justify;\">La problem\u00e1tica a abordar con el estudio, corresponde a la relacionada con la producci\u00f3n de sedimentos en la parte alta de la cuenca del r\u00edo Desaguadero (efluente natural del lago Titicaca), este fen\u00f3meno se manifiesta con la erosi\u00f3n en c\u00e1rcavas, deslizamientos en ladera, y la degradaci\u00f3n general del suelo en las cuencas que aportan al r\u00edo en el tramo Aguallamaya \u2013 Nazacara, y la alta carga de s\u00f3lidos en suspensi\u00f3n en el flujo de sus cauces principales y el r\u00edo Desaguadero, fen\u00f3meno que ocasiona la deposici\u00f3n de grandes vol\u00famenes en el fondo y bancos de este r\u00edo, disminuyendo as\u00ed su capacidad hidr\u00e1ulica, y generando problemas similares en todo el sector Sur del TDPS.<\/p>\n<p style=\"text-align: justify;\">La ALT, entre sus trabajos rutinarios, realiza el mantenimiento del dragado del r\u00edo Desaguadero en el tramo Aguallamaya \u2013 Nazacara, para evitar la deposici\u00f3n de material en las confluencias con los r\u00edos que aportan a \u00e9l; la zonificaci\u00f3n de las \u00e1reas degradas y la propuesta de control de los sedimentos que se producen en estas cuencas permitir\u00e1 implementar acciones complementarias a esta actividad, para evitar la colmataci\u00f3n del r\u00edo Desaguadero, a trav\u00e9s del control en la fuente de producci\u00f3n. Con este objeto, la ALT mediante las gestiones administrativas correspondientes, realiza la contrataci\u00f3n de la empresa Engevix Engenharia e Projetos S.A. Sucursal Bolivia para la ejecuci\u00f3n del estudio.<\/p>\n<h2 style=\"text-align: justify;\"><strong>Objetivo<\/strong><\/h2>\n<p style=\"text-align: justify;\">Identificar, caracterizar las causas y determinar las \u00e1reas en proceso de erosi\u00f3n, zonificaci\u00f3n de zonas cr\u00edticas para su manejo, estimaci\u00f3n de los vol\u00famenes (producci\u00f3n) de sedimentos, evaluaci\u00f3n de la din\u00e1mica de transporte y deposici\u00f3n de los tributarios principales al r\u00edo Desaguadero en el tramo Aguallamaya \u2013 Nazacara.<\/p>\n<h2 style=\"text-align: justify;\"><strong>\u00c1rea de Estudio<\/strong><\/h2>\n<p style=\"text-align: justify;\">El \u00e1rea de estudio, geogr\u00e1ficamente comprende el \u00e1rea de las cuencas de los r\u00edos Llinki (r\u00edo binacional), Khala y Tucsa Jahuira (intercuenca compuesta por ocho subcuencas que drenan hacia el r\u00edo Desaguadero) y el r\u00edo Jacha Jahuira, que forman la parte alta de la cuenca del r\u00edo Desaguadero (Ver Figura No 1).<\/p>\n<figure id=\"attachment_1340\" aria-describedby=\"caption-attachment-1340\" style=\"width: 1481px\" class=\"wp-caption alignnone\"><img class=\"wp-image-1340 size-full\" src=\"https:\/\/alt-perubolivia.org\/wp-content\/uploads\/2022\/12\/mapa-ubicacion.jpg\" alt=\"\" width=\"1481\" height=\"1048\" \/><figcaption id=\"caption-attachment-1340\" class=\"wp-caption-text\">Figura No 1 Mapa de Ubicaci\u00f3n del \u00c1rea de Estudio<\/figcaption><\/figure>\n<p style=\"text-align: justify;\">stas cuencas, aportan al flujo del r\u00edo Desaguadero entre el tramo Aguallamaya \u2013 Nazacara, y representan el 21% del \u00e1rea total del sistema TDPS, su extensi\u00f3n geogr\u00e1fica se desarrolla en el \u00e1mbito territorial de los municipios de Caquiaviri, Comanche, Jes\u00fas de Machaca, San Andr\u00e9s de Machaca, Santiago de Machaca y Nazacara de Pacajes, en territorio boliviano; en el caso de la cuenca del r\u00edo Llinki, est\u00e1 tambi\u00e9n se desarrolla en parte del Distrito de Pisacoma en territorio peruano.<\/p>\n<h2 style=\"text-align: justify;\"><strong>Hidrolog\u00eda, Erosi\u00f3n y Transporte de Sedimentos<\/strong><\/h2>\n<p style=\"text-align: justify;\">En las cuencas en estudio, en cuanto a los par\u00e1metros de relieve, se ha encontrado que la longitud del cauce principal var\u00eda entre 8 y 72 Km, la pendiente media entre 1,5 y 4,8 por mil, la pendiente media de ladera entre 2% y 14%, caracter\u00edsticas que corresponden a r\u00edos de cabecera de cuenca, geomorfol\u00f3gicamente estables, donde la erosi\u00f3n y el transporte de sedimentos se presenta en \u00e9pocas de avenidas, de forma limitada. La producci\u00f3n h\u00eddrica para las cuencas de estudio fue calculada a trav\u00e9s del modelo Lutz Scholz y esta se presenta en la Tabla No 1, para el per\u00edodo 1981-2019, los resultados para la cuenca Jacha Jahuira muestran un r\u00e9gimen estacional de caudales, con los valores m\u00e1s altos en los meses de enero a marzo; en las cuencas Khala y Tucsa Jahuira N\u00b001-N\u00b008 se presentan caudales por debajo de 1 m<sup>3<\/sup>\/s a lo largo de todo el a\u00f1o. En el caso de la cuenca Llinki, que es la de mayor extensi\u00f3n, los resultados muestran los m\u00e1s altos caudales en los meses de enero a marzo, siendo febrero el mes de m\u00e1ximo caudal (28.11 m<sup>3<\/sup>\/s), siempre respecto al a\u00f1o promedio.<\/p>\n<p><img class=\"alignnone size-full wp-image-1343\" src=\"https:\/\/alt-perubolivia.org\/wp-content\/uploads\/2022\/12\/tabla1.jpg\" alt=\"\" width=\"1237\" height=\"481\" \/><\/p>\n<p style=\"text-align: justify;\">Para simular el proceso de precipitaci\u00f3n-escorrent\u00eda y la producci\u00f3n de sedimentos, se ha utilizado el modelo TREX considerando los siguientes procesos f\u00edsicos: erosi\u00f3n por salpicadura, laminar y en surcos, erosi\u00f3n fluvial (Agradaci\u00f3n-degradaci\u00f3n de cauces), transporte total de sedimentos, deposici\u00f3n y el cambio morfol\u00f3gico de cuencas. Se aliment\u00f3 al modelo TREX con la siguiente informaci\u00f3n: uso y cobertura de suelos, tomada del Informe de Edafolog\u00eda, para representar los par\u00e1metros de rugosidad superficial e intercepci\u00f3n; asimismo, un mapa de regolita, tipo de suelo o geoformas, informaci\u00f3n tomada del Informe de Geolog\u00eda y Geomorfolog\u00eda, para representar la conductividad hidr\u00e1ulica saturada, presi\u00f3n de succi\u00f3n, granulometr\u00eda, velocidad cr\u00edtica de corte, velocidad de sedimentaci\u00f3n, gravedad espec\u00edfica, erodabilidad, etc.<\/p>\n<p style=\"text-align: justify;\">Considerando los caudales medios mensuales estimados y las curvas de gasto s\u00f3lido (caudal l\u00edquido versus concentraci\u00f3n total de sedimentos) se ha estimado la<strong>\u00a0producci\u00f3n de sedimentos (m<sup>3<\/sup>) por cuencas<\/strong>\u00a0cuyos resultados se observa en la Tabla No 2.<\/p>\n<p><img class=\"alignnone size-full wp-image-1344\" src=\"https:\/\/alt-perubolivia.org\/wp-content\/uploads\/2022\/12\/tabla2.jpg\" alt=\"\" width=\"1226\" height=\"500\" \/><\/p>\n<p style=\"text-align: justify;\">De la Tabla No 2, se puede observar que la magnitud media mensual de la producci\u00f3n de sedimentos por cuenca presenta una estrecha relaci\u00f3n con la magnitud de los caudales, siendo los meses de m\u00e1ximas avenidas los de mayor aporte de sedimentos. A nivel anual, las cuencas que m\u00e1s aportan son Llinki (57 435 m<sup>3<\/sup>), Jacha Jahuira (6 682 m<sup>3<\/sup>) y Khala Tucsa Jahuira (2 258 m<sup>3<\/sup>).<\/p>\n<p style=\"text-align: justify;\">Para la planificaci\u00f3n del manejo de cuencas y control de la erosi\u00f3n, se ha generado una base de datos de caudales y producci\u00f3n de sedimentos asociados a diferentes periodos de retorno. En la Tabla No 3 se presenta la informaci\u00f3n respecto a producci\u00f3n de sedimentos en toneladas para cada una de las nueve (09) cuencas simuladas y para diferentes periodos de retorno.<\/p>\n<p><img class=\"alignnone size-full wp-image-1345\" src=\"https:\/\/alt-perubolivia.org\/wp-content\/uploads\/2022\/12\/tabla3.png\" alt=\"\" width=\"1316\" height=\"462\" \/><\/p>\n<p style=\"text-align: justify;\">De acuerdo al estimado de la erosi\u00f3n laminar potencial media interanual, calculado para el periodo 2001-2019, se ha encontrado que la mayor parte de las cuencas en estudio pertenecen a la clase Baja y Moderada.<\/p>\n<p style=\"text-align: justify;\">Luego de realizado el estudio y an\u00e1lisis del problema de erosi\u00f3n y transporte de sedimentos en las cuencas de Jacha Jahuira, Khala y Tucsa Jahuira y Llinki, se colige lo siguiente:<\/p>\n<p style=\"text-align: justify;\">La zona de estudio tiene un r\u00e9gimen climatol\u00f3gico estacional; las m\u00e1ximas precipitaciones ocurren en los meses de enero a marzo, teniendo un periodo de escasa precipitaci\u00f3n en los meses de junio a agosto, y en cuanto al patr\u00f3n espacial se aprecia que las mayores tasas de lluvia ocurren en el lado este (cuenca del r\u00edo Jacha Jahuira), y las menores tasas en la zona oeste (cuenca del r\u00edo Llinki), sin embargo, al tener mayor extensi\u00f3n esta \u00faltima cuenca, genera caudales mayores.<\/p>\n<p style=\"text-align: justify;\">Se ha encontrado que en el primer tercio superior (zona m\u00e1s elevada), la conectividad del sistema fluvial es alta, por consiguiente, es una de las fuentes principales de sedimentos (aluvio -coluviales y volc\u00e1nicos), los cuales se depositan en la parte media-baja de la cuenca, as\u00ed mismo existe una baja probabilidad que los sedimentos depositados en las zonas de baja pendiente se conecten con la red de drenaje y aporten significativamente a la producci\u00f3n de sedimentos de las cuencas. Los resultados sugieren que los principales modos de erosi\u00f3n corresponden al tipo laminar, surcos, c\u00e1rcavas y fluvial (cauce y bancos).<\/p>\n<p style=\"text-align: justify;\">Se ha estimado la erosi\u00f3n laminar media interanual para el periodo comprendido entre 2001-2019 mediante el modelo emp\u00edrico de p\u00e9rdida de suelos RUSLE. En general, se resalta que el gradiente topogr\u00e1fico es el factor que presenta mayor influencia en el proceso de erosi\u00f3n. Si se compara el patr\u00f3n espacial de la producci\u00f3n de sedimentos con la distribuci\u00f3n espacial de la p\u00e9rdida de suelo media interanual de las cuencas en estudio, se concluye que las fuentes de sedimentos se encuentran localizadas en el primer tercio superior en cada una de las cuencas del estudio.<\/p>\n<p style=\"text-align: justify;\">En el mapa de distribuci\u00f3n espacial de la p\u00e9rdida de suelo media interanual de las cuencas en estudio, que se presenta en las Figuras No 2 a No 4, se observa que la cuenca Llinki y Jacha Jahuira presentan mayor variabilidad espacial de resultados, es en la parte alta de estas cuencas en donde se alcanza m\u00f3dulos de erosi\u00f3n potencial de hasta 50 Tn<sup>1<\/sup>ha<sup>-1<\/sup>A\u00f1o<sup>-1<\/sup>. Asimismo, se resalta que las zonas de valle y las dem\u00e1s cuencas presentan m\u00f3dulos menores a 5 Tn<sup>1<\/sup>ha<sup>-1<\/sup>A\u00f1o<sup>-1<\/sup>. En la Tabla No 4 se presenta la extensi\u00f3n de la tasa potencial de p\u00e9rdida de suelo media interanual para el periodo comprendido entre el a\u00f1o 2001-2019.<\/p>\n<p style=\"text-align: justify;\">De acuerdo a la erosi\u00f3n laminar, calculada, mediante el RUSLE en las cuencas analizadas, se obtuvieron las siguientes p\u00e9rdidas de suelo media interanual: Muy baja (&lt; 5 Tn<sup>1<\/sup>ha<sup>-1<\/sup>A\u00f1o<sup>-1<\/sup>), Baja (5\u201315 Tn<sup>1<\/sup>ha<sup>-1<\/sup>A\u00f1o<sup>-1<\/sup>) y Moderada (15\u201330 Tn<sup>1<\/sup>ha<sup>-1<\/sup>A\u00f1o<sup>-1<\/sup>.\u00a0\u00a0<em>S\u00f3lo en Llinki ocurre adicionalmente erosi\u00f3n Fuerte (30\u201350 Tn<sup>1<\/sup>ha<sup>-1<\/sup>A\u00f1o<sup>-1<\/sup>) y Muy fuerte (30\u201350 Tn<sup>1<\/sup>ha<sup>-1<\/sup>A\u00f1o<sup>-1<\/sup>) y en la cuenca Jacha Jahuira adicionalmente se presenta \u00e1reas con erosi\u00f3n Fuerte (30 \u2013 50 Tn<sup>1<\/sup>ha<sup>-1<\/sup>A\u00f1o<sup>-1<\/sup>).<\/em><\/p>\n<p><img class=\"alignnone size-full wp-image-1346\" src=\"https:\/\/alt-perubolivia.org\/wp-content\/uploads\/2022\/12\/tabla4.jpg\" alt=\"\" width=\"1205\" height=\"551\" \/><\/p>\n<p style=\"text-align: justify;\">Mediante esta metodolog\u00eda no es posible discriminar la erosi\u00f3n fluvial en la red de drenaje, lo cual constituye una limitaci\u00f3n del modelo RUSLE.<\/p>\n<figure id=\"attachment_1347\" aria-describedby=\"caption-attachment-1347\" style=\"width: 790px\" class=\"wp-caption alignnone\"><img class=\"wp-image-1347 size-full\" src=\"https:\/\/alt-perubolivia.org\/wp-content\/uploads\/2022\/12\/erosion-USLE.jpg\" alt=\"\" width=\"790\" height=\"1117\" \/><figcaption id=\"caption-attachment-1347\" class=\"wp-caption-text\">Figura No 2 Erosi\u00f3n (USLE) en la Cuenca del R\u00edo Llinki (Media Interanual del Periodo 2001 \u2013 2019).<\/figcaption><\/figure>\n<figure id=\"attachment_1348\" aria-describedby=\"caption-attachment-1348\" style=\"width: 1224px\" class=\"wp-caption alignnone\"><img class=\"wp-image-1348 size-full\" src=\"https:\/\/alt-perubolivia.org\/wp-content\/uploads\/2022\/12\/erosion-USLE2.jpg\" alt=\"\" width=\"1224\" height=\"866\" \/><figcaption id=\"caption-attachment-1348\" class=\"wp-caption-text\">Figura No 3 Erosi\u00f3n (USLE) en la Cuenca del R\u00edo Jacha Jahuira (Media Interanual del Periodo 2001 \u2013 2019).<\/figcaption><\/figure>\n<figure id=\"attachment_1349\" aria-describedby=\"caption-attachment-1349\" style=\"width: 1224px\" class=\"wp-caption alignnone\"><img class=\"wp-image-1349 size-full\" src=\"https:\/\/alt-perubolivia.org\/wp-content\/uploads\/2022\/12\/erosion-USLE3.jpg\" alt=\"\" width=\"1224\" height=\"866\" \/><figcaption id=\"caption-attachment-1349\" class=\"wp-caption-text\">Figura No 4 Erosi\u00f3n (USLE) en la Cuenca de los R\u00edos Khala Tucsa Jahuira (Media Interanual del Periodo 2001 \u2013 2019).<\/figcaption><\/figure>\n<h2 style=\"text-align: justify;\"><strong>Identificaci\u00f3n de \u00c1reas Piloto para Intervenir<\/strong><\/h2>\n<p style=\"text-align: justify;\">Las zonas prioritarias y \u00e1reas piloto a intervenir se determinaron a partir del mapa de degradaci\u00f3n de la cobertura vegetal y del mapa de producci\u00f3n de sedimentos, el cual es resultado del modelamiento de producci\u00f3n de sedimentos en las cuencas de estudio. El detalle de las zonas prioritarias a intervenir se presenta en la Tabla No 5.<\/p>\n<p><img class=\"alignnone size-full wp-image-1350\" src=\"https:\/\/alt-perubolivia.org\/wp-content\/uploads\/2022\/12\/tabla5.jpg\" alt=\"\" width=\"1241\" height=\"430\" \/><\/p>\n<p style=\"text-align: justify;\">El \u00e1rea piloto en cada zona prioritaria se determin\u00f3 en funci\u00f3n a la producci\u00f3n de sedimentos, las \u00e1reas donde esta es m\u00e1s alta, deber\u00e1n intervenirse con prioridad, estas \u00e1reas son 1,000 ha en la cuenca Llinki, 700 ha en la cuenca Jacha Jahuira y 600 ha en la cuenca Khala Tucsa Jahuira (microcuenca 06).<\/p>\n<figure id=\"attachment_1351\" aria-describedby=\"caption-attachment-1351\" style=\"width: 1013px\" class=\"wp-caption alignnone\"><img class=\"wp-image-1351 size-full\" src=\"https:\/\/alt-perubolivia.org\/wp-content\/uploads\/2022\/12\/area-piloto1.jpg\" alt=\"\" width=\"1013\" height=\"677\" \/><figcaption id=\"caption-attachment-1351\" class=\"wp-caption-text\">Figura No 5 \u00c1rea Piloto para la Intervenci\u00f3n en la Cuenca del R\u00edo Llinki.<\/figcaption><\/figure>\n<figure id=\"attachment_1353\" aria-describedby=\"caption-attachment-1353\" style=\"width: 1024px\" class=\"wp-caption aligncenter\"><img class=\"wp-image-1353 size-full\" src=\"https:\/\/alt-perubolivia.org\/wp-content\/uploads\/2022\/12\/figura6.jpg\" alt=\"\" width=\"1024\" height=\"690\" \/><figcaption id=\"caption-attachment-1353\" class=\"wp-caption-text\">Figura No 6 \u00c1rea Piloto para la Intervenci\u00f3n en la Cuenca del R\u00edo Jacha Jahuira.<\/figcaption><\/figure>\n<figure id=\"attachment_1354\" aria-describedby=\"caption-attachment-1354\" style=\"width: 998px\" class=\"wp-caption alignnone\"><img class=\"wp-image-1354 size-full\" src=\"https:\/\/alt-perubolivia.org\/wp-content\/uploads\/2022\/12\/figura7.jpg\" alt=\"\" width=\"998\" height=\"680\" \/><figcaption id=\"caption-attachment-1354\" class=\"wp-caption-text\">Figura No 7 \u00c1rea Piloto para la Intervenci\u00f3n en la Cuenca del R\u00edo Khala Tucsa Jahuira.<\/figcaption><\/figure>\n<p style=\"text-align: justify;\">En las \u00e1reas piloto definidas, se plantean las medidas de intervenci\u00f3n que consistir\u00e1n b\u00e1sicamente en revegetaci\u00f3n y obras civiles para la retenci\u00f3n de sedimentos (torrenteras). Dentro del modelo TREX utilizado en la producci\u00f3n de sedimentos, esta mejora en la cobertura vegetal ha generado una reducci\u00f3n de 30% de la producci\u00f3n de sedimentos en la cuenca de Llinki, para el periodo de retorno de 2 a\u00f1os, lo cual se esperar\u00eda como condiciones medias de la cuenca, de igual manera en la microcuenca piloto en Jacha Jahuira, mejorando las condiciones de vegetaci\u00f3n, se alcanza una reducci\u00f3n de 15%, finalmente en la microcuenca piloto en Khala Tucsa Jahuira se aprecia una reducci\u00f3n de 10%. En general se esperar\u00eda una reducci\u00f3n de hasta un 30% si se realiza el mejoramiento de la cobertura vegetal en la totalidad de las cuencas de estudio.<\/p>\n<h2>Documentos<\/h2>\n<div class='w3eden'><!-- WPDM Link Template: Default Template -->\n\n<div class=\"link-template-default card mb-2\">\n    <div class=\"card-body\">\n        <div class=\"media\">\n            <div class=\"mr-3 img-48\"><img class=\"wpdm_icon\" alt=\"Icono\"   src=\"http:\/\/alt-perubolivia.org\/wp-content\/plugins\/download-manager\/assets\/file-type-icons\/pdf.png\" \/><\/div>\n            <div class=\"media-body\">\n                <h3 class=\"package-title\"><a href='https:\/\/alt-perubolivia.org\/?wpdmpro=resumen-ejecutivo-2'>RESUMEN EJECUTIVO<\/a><\/h3>\n                <div class=\"text-muted text-small\"><i class=\"fas fa-copy\"><\/i> 1 archivo(s) <i class=\"fas fa-hdd ml-3\"><\/i> 0.00 KB<\/div>\n            <\/div>\n            <div class=\"ml-3\">\n                <a class='wpdm-download-link download-on-click btn btn-primary ' rel='nofollow' href='#' data-downloadurl=\"https:\/\/alt-perubolivia.org\/?wpdmpro=resumen-ejecutivo-2&wpdmdl=2100&refresh=69d9708329f7b1775857795\">Descargar<\/a>\n            <\/div>\n        <\/div>\n    <\/div>\n<\/div>\n\n<\/div>\n<div class='w3eden'><!-- WPDM Link Template: Default Template -->\n\n<div class=\"link-template-default card mb-2\">\n    <div class=\"card-body\">\n        <div class=\"media\">\n            <div class=\"mr-3 img-48\"><img class=\"wpdm_icon\" alt=\"Icono\"   src=\"http:\/\/alt-perubolivia.org\/wp-content\/plugins\/download-manager\/assets\/file-type-icons\/pdf.png\" \/><\/div>\n            <div class=\"media-body\">\n                <h3 class=\"package-title\"><a href='https:\/\/alt-perubolivia.org\/?wpdmpro=diagnostico-del-problema-de-erosion-y-transporte-de-sedimentos'>DIAGN\u00d3STICO DEL PROBLEMA DE EROSI\u00d3N Y TRANSPORTE DE SEDIMENTOS<\/a><\/h3>\n                <div class=\"text-muted text-small\"><i class=\"fas fa-copy\"><\/i> 1 archivo(s) <i class=\"fas fa-hdd ml-3\"><\/i> 0.00 KB<\/div>\n            <\/div>\n            <div class=\"ml-3\">\n                <a class='wpdm-download-link download-on-click btn btn-primary ' rel='nofollow' href='#' data-downloadurl=\"https:\/\/alt-perubolivia.org\/?wpdmpro=diagnostico-del-problema-de-erosion-y-transporte-de-sedimentos&wpdmdl=2103&refresh=69d97083368ad1775857795\">Descargar<\/a>\n            <\/div>\n        <\/div>\n    <\/div>\n<\/div>\n\n<\/div>\n<div class='w3eden'><!-- WPDM Link Template: Default Template -->\n\n<div class=\"link-template-default card mb-2\">\n    <div class=\"card-body\">\n        <div class=\"media\">\n            <div class=\"mr-3 img-48\"><img class=\"wpdm_icon\" alt=\"Icono\"   src=\"http:\/\/alt-perubolivia.org\/wp-content\/plugins\/download-manager\/assets\/file-type-icons\/pdf.png\" \/><\/div>\n            <div class=\"media-body\">\n                <h3 class=\"package-title\"><a href='https:\/\/alt-perubolivia.org\/?wpdmpro=propuesta-de-medidas-estructurales-para-el-control-de-erosion'>PROPUESTA DE MEDIDAS ESTRUCTURALES PARA EL CONTROL DE EROSI\u00d3N<\/a><\/h3>\n                <div class=\"text-muted text-small\"><i class=\"fas fa-copy\"><\/i> 1 archivo(s) <i class=\"fas fa-hdd ml-3\"><\/i> 0.00 KB<\/div>\n            <\/div>\n            <div class=\"ml-3\">\n                <a class='wpdm-download-link download-on-click btn btn-primary ' rel='nofollow' href='#' data-downloadurl=\"https:\/\/alt-perubolivia.org\/?wpdmpro=propuesta-de-medidas-estructurales-para-el-control-de-erosion&wpdmdl=2106&refresh=69d970833ecb41775857795\">Descargar<\/a>\n            <\/div>\n        <\/div>\n    <\/div>\n<\/div>\n\n<\/div>\n<div class=\"pdfemb-viewer\"><\/div>\n","protected":false},"excerpt":{"rendered":"<p>Antecedentes La erosi\u00f3n de suelos constituye uno de los problemas ambientales m\u00e1s importantes que enfrenta el mundo hoy en d\u00eda, se reconoce que la erosi\u00f3n h\u00eddrica es la causa m\u00e1s [&hellip;]<\/p>\n","protected":false},"author":2,"featured_media":0,"parent":0,"menu_order":0,"comment_status":"closed","ping_status":"closed","template":"","meta":[],"_links":{"self":[{"href":"https:\/\/alt-perubolivia.org\/index.php?rest_route=\/wp\/v2\/pages\/1339"}],"collection":[{"href":"https:\/\/alt-perubolivia.org\/index.php?rest_route=\/wp\/v2\/pages"}],"about":[{"href":"https:\/\/alt-perubolivia.org\/index.php?rest_route=\/wp\/v2\/types\/page"}],"author":[{"embeddable":true,"href":"https:\/\/alt-perubolivia.org\/index.php?rest_route=\/wp\/v2\/users\/2"}],"replies":[{"embeddable":true,"href":"https:\/\/alt-perubolivia.org\/index.php?rest_route=%2Fwp%2Fv2%2Fcomments&post=1339"}],"version-history":[{"count":6,"href":"https:\/\/alt-perubolivia.org\/index.php?rest_route=\/wp\/v2\/pages\/1339\/revisions"}],"predecessor-version":[{"id":2109,"href":"https:\/\/alt-perubolivia.org\/index.php?rest_route=\/wp\/v2\/pages\/1339\/revisions\/2109"}],"wp:attachment":[{"href":"https:\/\/alt-perubolivia.org\/index.php?rest_route=%2Fwp%2Fv2%2Fmedia&parent=1339"}],"curies":[{"name":"wp","href":"https:\/\/api.w.org\/{rel}","templated":true}]}}