{"id":1574,"date":"2023-03-07T14:12:36","date_gmt":"2023-03-07T18:12:36","guid":{"rendered":"http:\/\/alt-perubolivia.org\/?page_id=1574"},"modified":"2023-03-10T14:57:23","modified_gmt":"2023-03-10T18:57:23","slug":"plan-director-global-binacional","status":"publish","type":"page","link":"https:\/\/alt-perubolivia.org\/?page_id=1574","title":{"rendered":"Plan Director Global Binacional"},"content":{"rendered":"<p style=\"text-align: justify;\">El \u00e1mbito territorial del estudio constituye una cuenca cerrada, ubicada en Am\u00e9rica del sur entre Per\u00fa, Bolivia y una peque\u00f1a parte en Chile, est\u00e1 delimitada por las cordilleras oriental y Occidental de los Andes, las cuales superan los 5000 metros de altitud.<\/p>\n<p style=\"text-align: justify;\">El Plan Director Global Binacional, es un instrumento para lograr el aprovechamiento racional e integral de los recursos h\u00eddricos e hidrobiol\u00f3gicos, del sistema T.D.P.S., orientado a posibilitar el desarrollo del Altiplano Peruano-Boliviano, y debe estar \u00edntimamente ligado a las acciones de pol\u00edtica econ\u00f3mica m\u00e1s conveniente para esta regi\u00f3n.<\/p>\n<p><strong>\u00c1REAS\u00a0HOMOG\u00c9NEAS<\/strong><\/p>\n<figure id=\"attachment_1580\" aria-describedby=\"caption-attachment-1580\" style=\"width: 393px\" class=\"wp-caption alignright\"><img class=\"wp-image-1580\" src=\"https:\/\/alt-perubolivia.org\/wp-content\/uploads\/2023\/03\/TDPS_cuencaspng.png\" alt=\"\" width=\"393\" height=\"508\" \/><figcaption id=\"caption-attachment-1580\" class=\"wp-caption-text\">Sistema TDPS. Fuente: ALT, 2021<\/figcaption><\/figure>\n<p style=\"text-align: justify;\">Para los efectos del manejo de las estrategias de ejecuci\u00f3n, se ha visto por conveniente dividir el sistema en \u00e1reas homog\u00e9neas:<\/p>\n<ul style=\"text-align: justify;\">\n<li>Cuencas del lago Titicaca,<\/li>\n<li>Cuenca del r\u00edo Desaguadero,<\/li>\n<li>Cuenca del lago Poop\u00f3,<\/li>\n<li>Cuenca del salar de Coipasa.<\/li>\n<\/ul>\n<p style=\"text-align: justify;\">Por sus caracter\u00edsticas similares se definen como estrategias comunes las siguientes:<\/p>\n<ul style=\"text-align: justify;\">\n<li>Ordenaci\u00f3n de los recursos h\u00eddricos, compatibilizando las demandas para diferentes usos (agr\u00edcolas, urbanos, industriales, mineros, etc.) con las demandas disponibles.<\/li>\n<li>Desarrollar acciones que permitan hacer buen uso y manejo del recurso h\u00eddrico disponible en las \u00e1reas con infraestructura de riego, emprendiendo acciones de: investigaci\u00f3n, difusi\u00f3n, extensi\u00f3n, capacitaci\u00f3n, asistencia t\u00e9cnica y financiera (cr\u00e9dito), as\u00ed como buscando alternativas de soluci\u00f3n al problema de la tenencia de la tierra.<\/li>\n<\/ul>\n<p style=\"text-align: justify;\">Ejecuci\u00f3n de nuevos proyectos de riego y drenaje, bajo las normas siguientes:<\/p>\n<ul style=\"text-align: justify;\">\n<li>Tener asegurada la disponibilidad del recurso h\u00eddrico, sea de fuentes superficiales o subterr\u00e1neas, as\u00ed como de escurrimiento natural o regulado.<\/li>\n<li>Tener establecida la propiedad y la tenencia de la tierra en el \u00e1mbito del proyecto.<\/li>\n<li>Utilizar m\u00e9todos de riego que aseguren una buena eficiencia de uso del recurso, en las condiciones econ\u00f3micas propias del sector.<\/li>\n<li>Identificar los problemas de prevenci\u00f3n de la salinidad de los suelos, y de su control por drenaje.<\/li>\n<li>Mitigar los posibles problemas de impacto ambiental.<\/li>\n<li>Involucrar desde el inicio a los futuros beneficiarios del proyecto, propietarios privados, comunales y\/o multicomunales.<\/li>\n<li>Establecer un sistema permanente de desarrollo agropecuario que considere acciones en investigaci\u00f3n, difusi\u00f3n, extensi\u00f3n, capacitaci\u00f3n, asistencia t\u00e9cnica y crediticia.<\/li>\n<li>Ejecuci\u00f3n de acciones de prevenci\u00f3n y control para evitar el transporte de sedimentos e inundaciones, a trav\u00e9s de la conservaci\u00f3n de suelos en las cuencas, con pr\u00e1cticas mec\u00e1nicas y agron\u00f3micas como: construcci\u00f3n de obras de encauzamiento de r\u00edos, defensas ribere\u00f1as, control de c\u00e1rcavas, andenes, agroforester\u00eda y otros seg\u00fan propuestas de los correspondientes estudios del Plan Director.<\/li>\n<li>Identificaci\u00f3n y ordenaci\u00f3n coordinada de los vol\u00famenes de agua posibles de trasvase.<\/li>\n<li>Establecer controles de contaminaci\u00f3n minera.<\/li>\n<li>Iniciar de inmediato acciones de fomento y desarrollo de cam\u00e9lidos, y de manejo racional de los bofedales y de sistemas de invernadero.<\/li>\n<\/ul>\n<p style=\"text-align: justify;\"><strong>CUENCAS DE LOS AFLUENTES DEL LAGO TITICACA<\/strong><\/p>\n<ul style=\"text-align: justify;\">\n<li>Desarrollo de las irrigaciones en actual operaci\u00f3n como las de Huata Quita, Cabanillas, Asillo, Chuquibambilla, Huarina Pe\u00f1as, y otras.<\/li>\n<li>Priorizaci\u00f3n de los proyectos de riego en las cuencas afluentes.<\/li>\n<li>Ordenaci\u00f3n coordinada de posibles trasvases que puedan ocurrir hacia las ciudades de La Paz, Tacna y Arequipa.<\/li>\n<li>Control de contaminaci\u00f3n minera principalmente en el r\u00edo Coata.<\/li>\n<\/ul>\n<p style=\"text-align: justify;\">En el Lago Titicaca, \u00a0las estrategias que se emprender\u00e1n ser\u00e1 directamente en el espejo de agua del lago, as\u00ed como del \u00e1rea circundante y de las microcuencas que vierten directamente a \u00e9l: Consideraci\u00f3n de las actuales y futuras demandas de aguas para uso poblacional y agr\u00edcola, como las captaciones en las ciudades de Puno e Ilave, y los riegos de Pirapi y Ccotos, respectivamente.<\/p>\n<p style=\"text-align: justify;\"><strong>CONSTRUCCI\u00d3N DEL SISTEMA DE CONTROL DE LOS NIVELES DE AGUA Y REGULACI\u00d3N DE SU DESCARGA POR EL R\u00cdO DESAGUADERO.<\/strong><\/p>\n<p style=\"text-align: justify;\">Reordenamiento de la ocupaci\u00f3n de las tierras a nivel de ciudades y \u00e1reas agr\u00edcolas, evitando la ocupaci\u00f3n de aquellas susceptibles a ser inundadas temporalmente.<\/p>\n<p style=\"text-align: justify;\">Uso de los recursos hidrobiol\u00f3gicos del lago, cuidando de no incrementar el actual desbalance, que requiere el incremento de las \u00e1reas sembradas con llachu y totora, y el repoblamiento por especies.<\/p>\n","protected":false},"excerpt":{"rendered":"<p>El \u00e1mbito territorial del estudio constituye una cuenca cerrada, ubicada en Am\u00e9rica del sur entre Per\u00fa, Bolivia y una peque\u00f1a parte en Chile, est\u00e1 delimitada por las cordilleras oriental y [&hellip;]<\/p>\n","protected":false},"author":2,"featured_media":0,"parent":0,"menu_order":0,"comment_status":"closed","ping_status":"closed","template":"","meta":[],"_links":{"self":[{"href":"https:\/\/alt-perubolivia.org\/index.php?rest_route=\/wp\/v2\/pages\/1574"}],"collection":[{"href":"https:\/\/alt-perubolivia.org\/index.php?rest_route=\/wp\/v2\/pages"}],"about":[{"href":"https:\/\/alt-perubolivia.org\/index.php?rest_route=\/wp\/v2\/types\/page"}],"author":[{"embeddable":true,"href":"https:\/\/alt-perubolivia.org\/index.php?rest_route=\/wp\/v2\/users\/2"}],"replies":[{"embeddable":true,"href":"https:\/\/alt-perubolivia.org\/index.php?rest_route=%2Fwp%2Fv2%2Fcomments&post=1574"}],"version-history":[{"count":5,"href":"https:\/\/alt-perubolivia.org\/index.php?rest_route=\/wp\/v2\/pages\/1574\/revisions"}],"predecessor-version":[{"id":1626,"href":"https:\/\/alt-perubolivia.org\/index.php?rest_route=\/wp\/v2\/pages\/1574\/revisions\/1626"}],"wp:attachment":[{"href":"https:\/\/alt-perubolivia.org\/index.php?rest_route=%2Fwp%2Fv2%2Fmedia&parent=1574"}],"curies":[{"name":"wp","href":"https:\/\/api.w.org\/{rel}","templated":true}]}}