{"id":1587,"date":"2023-03-07T14:52:14","date_gmt":"2023-03-07T18:52:14","guid":{"rendered":"http:\/\/alt-perubolivia.org\/?page_id=1587"},"modified":"2023-03-28T10:51:19","modified_gmt":"2023-03-28T14:51:19","slug":"ciudades-del-sistema-tdps","status":"publish","type":"page","link":"https:\/\/alt-perubolivia.org\/?page_id=1587","title":{"rendered":"Ciudades del Sistema TDPS"},"content":{"rendered":"<p><strong>IMAGEN SATELITAL CIUDAD DE JULIACA \u2013 PER\u00da<\/strong><\/p>\n<p>La ciudad de Juliaca ubicada en el departamento de Puno \u2013 Per\u00fa, denominada tambi\u00e9n \u201cLa Ciudad de los Vientos\u201d, alberga a una poblaci\u00f3n de 228.726 habitantes (INEI, 2017), situada a 3824 ms.n.m., en la meseta del Collao, al noreste del lago Titicaca, en las proximidades de la laguna Chacas, del r\u00edo Maravillas y de las Chullpas de Sillustani. Es el mayor centro econ\u00f3mico del departamento y una de las mayores zonas comerciales del pa\u00eds de Per\u00fa, en \u00e9l se encuentra el Aeropuerto Inca Manco C\u00e1pac, principal aeropuerto de la regi\u00f3n.<iframe loading=\"lazy\" style=\"border: 0;\" src=\"https:\/\/www.google.com\/maps\/embed?pb=!1m18!1m12!1m3!1d144701.5754503698!2d-70.12772997821608!3d-15.47319565140754!2m3!1f0!2f0!3f0!3m2!1i1024!2i768!4f13.1!3m3!1m2!1s0x9167f3e5361625b9%3A0x2a1629113760cbfc!2zSnVsaWFjYSwgUGVyw7o!5e1!3m2!1ses!2sbo!4v1677676042009!5m2!1ses!2sbo\" width=\"800\" height=\"600\" allowfullscreen=\"allowfullscreen\"><\/iframe><\/p>\n<p><strong>IMAGEN SATELITAL CIUDAD DE PUNO \u2013 PER\u00da<\/strong><\/p>\n<p>La ciudad de Puno del departamento del mismo nombre alberga a una poblaci\u00f3n de 135.288 habitantes (INEI, 2017), su altura varia de 3810 a 4050 ms.n.m., se extiende desde el centro poblado de Uros Chulluni al noreste, la zona urbana del distrito de Paucarcolla (bah\u00eda interior de Puno) al norte, la urbanizaci\u00f3n ciudad de la Humanidad Totorani al noroeste y hasta el centro poblado de Ichu al sur y la comunidad Mi Per\u00fa al suroeste.<\/p>\n<p><iframe loading=\"lazy\" style=\"border: 0;\" src=\"https:\/\/www.google.com\/maps\/embed?pb=!1m18!1m12!1m3!1d60291.4945952384!2d-70.0514079980841!3d-15.84685368867013!2m3!1f0!2f0!3f0!3m2!1i1024!2i768!4f13.1!3m3!1m2!1s0x915d6985f4e74135%3A0x1e341dd8f24d32cf!2zUHVubywgUGVyw7o!5e1!3m2!1ses!2sbo!4v1677677199837!5m2!1ses!2sbo\" width=\"800\" height=\"600\" allowfullscreen=\"allowfullscreen\"><\/iframe><\/p>\n<p><strong>IMAGEN SATELITAL CIUDAD DE EL ALTO \u2013 BOLIVIA<\/strong><\/p>\n<p>La ciudad de El Alto se sit\u00faa a una altitud de 4000 ms.n.m., sobre la meseta altipl\u00e1nica, al noroeste de la ciudad de La Paz, por su crecimiento acelerado forma la aglomeraci\u00f3n urbana m\u00e1s grande de Bolivia, tiene una poblaci\u00f3n de 848.452 (INE, 2012), receptor de los inmigrantes de las \u00e1reas rurales, en esta ciudad se encuentra el Aeropuerto Internacional de El Alto, posee gran actividad comercial minorista, y donde se encuentra la planta de hidrocarburos y las principales f\u00e1bricas.<br \/>\n<iframe loading=\"lazy\" style=\"border: 0;\" src=\"https:\/\/www.google.com\/maps\/embed?pb=!1m18!1m12!1m3!1d120165.43687091795!2d-68.23788687572241!3d-16.53142082046485!2m3!1f0!2f0!3f0!3m2!1i1024!2i768!4f13.1!3m3!1m2!1s0x915edebe842e2473%3A0x3a1f8a2f17f89d8f!2sEl%20Alto!5e1!3m2!1ses!2sbo!4v1677675640205!5m2!1ses!2sbo\" width=\"800\" height=\"600\" allowfullscreen=\"allowfullscreen\"><\/iframe><\/p>\n<p><strong>IMAGEN SATELITAL CIUDAD DE VIACHA \u2013 BOLIVIA<\/strong><\/p>\n<p>La ciudad de Viacha ubicada en el municipio del mismo nombre, tiene una poblaci\u00f3n de 80.724 habitantes (INE, 2012), se conecta con la ciudad de El Alto conformando una metr\u00f3poli. La ciudad es rica en yacimientos de arcilla, por lo que ha permitido el asentamiento de empresas de cer\u00e1mica, as\u00ed como la explotaci\u00f3n de \u00e1ridos, ciudad donde se encuentra la f\u00e1brica de cemento Viacha.<\/p>\n<p><iframe loading=\"lazy\" style=\"border: 0;\" src=\"https:\/\/www.google.com\/maps\/embed?pb=!1m18!1m12!1m3!1d30902.610263584564!2d-68.31621380014724!3d-16.649791999066025!2m3!1f0!2f0!3f0!3m2!1i1024!2i768!4f13.1!3m3!1m2!1s0x915eda8e3ee77643%3A0xf9fa0cdcb25c036a!2sViacha!5e1!3m2!1ses!2sbo!4v1677675986618!5m2!1ses!2sbo\" width=\"800\" height=\"600\" allowfullscreen=\"allowfullscreen\"><\/iframe><\/p>\n<p><strong>IMAGEN SATELITAL CIUDAD DE ORURO \u2013 BOLIVIA<\/strong><\/p>\n<p>La ciudad de Oruro es la mas poblada del departamento de Oruro, con una poblaci\u00f3n de 264.943 habitantes (INE, 2012), se encuentra a una altura de 3735 ms.n.m., es una peque\u00f1a ciudad minera por sus grandes yacimientos de plata y esta\u00f1o, mejor conocido como la capital del folklore de Bolivia por su carnaval.<\/p>\n<p><iframe loading=\"lazy\" style=\"border: 0;\" src=\"https:\/\/www.google.com\/maps\/embed?pb=!1m18!1m12!1m3!1d71412.17055242341!2d-67.14765454565683!3d-17.963639284937845!2m3!1f0!2f0!3f0!3m2!1i1024!2i768!4f13.1!3m3!1m2!1s0x93e2b0a1fdff86f5%3A0xfe586e79566dead5!2sOruro!5e1!3m2!1ses!2sbo!4v1677675548192!5m2!1ses!2sbo\" width=\"800\" height=\"600\" allowfullscreen=\"allowfullscreen\"><\/iframe><\/p>\n","protected":false},"excerpt":{"rendered":"<p>IMAGEN SATELITAL CIUDAD DE JULIACA \u2013 PER\u00da La ciudad de Juliaca ubicada en el departamento de Puno \u2013 Per\u00fa, denominada tambi\u00e9n \u201cLa Ciudad de los Vientos\u201d, alberga a una poblaci\u00f3n [&hellip;]<\/p>\n","protected":false},"author":2,"featured_media":0,"parent":0,"menu_order":0,"comment_status":"closed","ping_status":"closed","template":"","meta":[],"_links":{"self":[{"href":"https:\/\/alt-perubolivia.org\/index.php?rest_route=\/wp\/v2\/pages\/1587"}],"collection":[{"href":"https:\/\/alt-perubolivia.org\/index.php?rest_route=\/wp\/v2\/pages"}],"about":[{"href":"https:\/\/alt-perubolivia.org\/index.php?rest_route=\/wp\/v2\/types\/page"}],"author":[{"embeddable":true,"href":"https:\/\/alt-perubolivia.org\/index.php?rest_route=\/wp\/v2\/users\/2"}],"replies":[{"embeddable":true,"href":"https:\/\/alt-perubolivia.org\/index.php?rest_route=%2Fwp%2Fv2%2Fcomments&post=1587"}],"version-history":[{"count":7,"href":"https:\/\/alt-perubolivia.org\/index.php?rest_route=\/wp\/v2\/pages\/1587\/revisions"}],"predecessor-version":[{"id":1807,"href":"https:\/\/alt-perubolivia.org\/index.php?rest_route=\/wp\/v2\/pages\/1587\/revisions\/1807"}],"wp:attachment":[{"href":"https:\/\/alt-perubolivia.org\/index.php?rest_route=%2Fwp%2Fv2%2Fmedia&parent=1587"}],"curies":[{"name":"wp","href":"https:\/\/api.w.org\/{rel}","templated":true}]}}