{"id":1952,"date":"2023-06-26T14:41:51","date_gmt":"2023-06-26T18:41:51","guid":{"rendered":"http:\/\/alt-perubolivia.org\/?page_id=1952"},"modified":"2023-09-28T11:22:27","modified_gmt":"2023-09-28T15:22:27","slug":"el-lago-poopo","status":"publish","type":"page","link":"https:\/\/alt-perubolivia.org\/?page_id=1952","title":{"rendered":"El Lago Poop\u00f3"},"content":{"rendered":"<p><strong>CARACTER\u00cdSTICAS DE LA SUPERFICIE DEL AGUA (DATOS DEL A\u00d1O 2020)<\/strong><\/p>\n<p><img class=\"size-full wp-image-1954 aligncenter\" src=\"https:\/\/alt-perubolivia.org\/wp-content\/uploads\/2023\/06\/poopo.png\" alt=\"\" width=\"901\" height=\"696\" \/><\/p>\n<p><strong>CARACTER\u00cdSTICAS F\u00cdSICAS DEL LAGO POOP\u00d3 (DATOS DEL A\u00d1O 1984)<\/strong><\/p>\n<p><img class=\"size-full wp-image-1953 aligncenter\" src=\"https:\/\/alt-perubolivia.org\/wp-content\/uploads\/2023\/06\/poopo-parametros.png\" alt=\"\" width=\"1932\" height=\"1237\" \/><\/p>\n<p><strong>AN\u00c1LISIS MULTITEMPORAL DEL ESPEJO DE AGUA DEL LAGO POOP\u00d3 (A\u00d1O 2016 -2023)<\/strong><\/p>\n<style>.embed-container {position: relative; padding-bottom: 80%; height: 0; max-width: 100%;} .embed-container iframe, .embed-container object, .embed-container iframe{position: absolute; top: 0; left: 0; width: 100%; height: 100%;} small{position: absolute; z-index: 40; bottom: 0; margin-bottom: -15px;}<\/style>\n<div class=\"embed-container\"><small><a style=\"color: #0000ff; text-align: left;\" href=\"\/\/geoportal-alt.maps.arcgis.com\/apps\/Embed\/index.html?webmap=2f3504b27914443eba0e42978a2f61e6&amp;extent=-67.9235,-19.2395,-66.3043,-18.4024&amp;zoom=true&amp;scale=true&amp;search=true&amp;searchextent=true&amp;legendlayers=true&amp;basemap_gallery=true&amp;disable_scroll=true&amp;theme=dark\" target=\"_blank\" rel=\"noopener\">Ver mapa m\u00e1s grande<\/a><\/small><br \/>\n<iframe loading=\"lazy\" title=\"Monitoreo Lago Poop\u00f3\" src=\"\/\/geoportal-alt.maps.arcgis.com\/apps\/Embed\/index.html?webmap=2f3504b27914443eba0e42978a2f61e6&amp;extent=-67.9235,-19.2395,-66.3043,-18.4024&amp;zoom=true&amp;previewImage=false&amp;scale=true&amp;search=true&amp;searchextent=true&amp;legendlayers=true&amp;basemap_gallery=true&amp;disable_scroll=true&amp;theme=dark\" width=\"500\" height=\"400\" frameborder=\"0\" marginwidth=\"0\" marginheight=\"0\" scrolling=\"no\"><\/iframe><\/div>\n","protected":false},"excerpt":{"rendered":"<p>CARACTER\u00cdSTICAS DE LA SUPERFICIE DEL AGUA (DATOS DEL A\u00d1O 2020) CARACTER\u00cdSTICAS F\u00cdSICAS DEL LAGO POOP\u00d3 (DATOS DEL A\u00d1O 1984) AN\u00c1LISIS MULTITEMPORAL DEL ESPEJO DE AGUA DEL LAGO POOP\u00d3 (A\u00d1O 2016 [&hellip;]<\/p>\n","protected":false},"author":2,"featured_media":0,"parent":0,"menu_order":0,"comment_status":"closed","ping_status":"closed","template":"","meta":[],"_links":{"self":[{"href":"https:\/\/alt-perubolivia.org\/index.php?rest_route=\/wp\/v2\/pages\/1952"}],"collection":[{"href":"https:\/\/alt-perubolivia.org\/index.php?rest_route=\/wp\/v2\/pages"}],"about":[{"href":"https:\/\/alt-perubolivia.org\/index.php?rest_route=\/wp\/v2\/types\/page"}],"author":[{"embeddable":true,"href":"https:\/\/alt-perubolivia.org\/index.php?rest_route=\/wp\/v2\/users\/2"}],"replies":[{"embeddable":true,"href":"https:\/\/alt-perubolivia.org\/index.php?rest_route=%2Fwp%2Fv2%2Fcomments&post=1952"}],"version-history":[{"count":8,"href":"https:\/\/alt-perubolivia.org\/index.php?rest_route=\/wp\/v2\/pages\/1952\/revisions"}],"predecessor-version":[{"id":2291,"href":"https:\/\/alt-perubolivia.org\/index.php?rest_route=\/wp\/v2\/pages\/1952\/revisions\/2291"}],"wp:attachment":[{"href":"https:\/\/alt-perubolivia.org\/index.php?rest_route=%2Fwp%2Fv2%2Fmedia&parent=1952"}],"curies":[{"name":"wp","href":"https:\/\/api.w.org\/{rel}","templated":true}]}}