{"id":1961,"date":"2023-06-26T14:58:12","date_gmt":"2023-06-26T18:58:12","guid":{"rendered":"http:\/\/alt-perubolivia.org\/?page_id=1961"},"modified":"2023-06-26T15:15:37","modified_gmt":"2023-06-26T19:15:37","slug":"plan-estrategico-para-la-gestion-de-riesgos-y-desastres","status":"publish","type":"page","link":"https:\/\/alt-perubolivia.org\/?page_id=1961","title":{"rendered":"Plan Estrat\u00e9gico para la Gesti\u00f3n de Riesgos y Desastres"},"content":{"rendered":"<p style=\"text-align: justify;\">En el \u00e1mbito del sistema TDPS, estos fen\u00f3menos naturales vienen ocurriendo desde hace mucho tiempo y siempre la actuaci\u00f3n de las autoridades de ambos pa\u00edses a todo nivel ha sido reactiva; es decir, que se limitan a reaccionar ante los hechos ocurridos; pero este tipo de actuaci\u00f3n reactiva sirve solamente para un determinado momento hasta que se mitiga o reduce las consecuencias de los impactos, pero la soluci\u00f3n moment\u00e1nea no es sustentable en el tiempo.<br \/>\nEste tipo de actuaci\u00f3n genera una serie de gastos en ambos pa\u00edses, que distraen recursos<br \/>\necon\u00f3micos que deber\u00edan ser utilizados en el desarrollo y bienestar de los pueblos.<\/p>\n<p style=\"text-align: justify;\">El Plan Director Global Binacional del Lago Titicaca considera la Protecci\u00f3n &#8211; Prevenci\u00f3n de<br \/>\nlas inundaciones (entre otros aspectos) por lo que los Gobiernos consideraron pertinente<br \/>\nencargar a la ALT preparar el Plan Estrat\u00e9gico para la Gesti\u00f3n de Riesgos de Desastres en el<br \/>\n\u00e1mbito del sistema TDPS, sobre todo teniendo en cuenta los efectos (impredecibles) que puede generar el cambio clim\u00e1tico. El mencionado Plan tiene como objetivo establecer las medidas estructurales y no estructurales, orientadas evitar, mitigar o reducir los efectos que pueden causar los eventos extremos (peligrosos) que se han identificado como posibles de ocurrir, que, de presentarse, afectar\u00e1n la vida y la econom\u00eda de miles de pobladores peruano-bolivianos asentados en el TDPS.<\/p>\n<p style=\"text-align: justify;\">Para la preparaci\u00f3n de este Plan Estrat\u00e9gico, se tom\u00f3 como criterio fundamental base la Gesti\u00f3n de Riesgos de Desastres, que consiste en la realizaci\u00f3n de una serie de actividades que se proponen para prevenir, reducir las p\u00e9rdidas de vidas humanas y la afectaci\u00f3n de las<br \/>\ninfraestructuras. Los resultados de este proceso continuo de gesti\u00f3n de riesgos se pueden dividir en:<\/p>\n<p>\u2022 Medidas de prevenci\u00f3n para afrontar los riesgos.<br \/>\n\u2022 Medidas para disminuir el riesgo de desastres (reducci\u00f3n), eliminando sus causas.<br \/>\n\u2022 Medidas de respuesta cuando est\u00e1 sucediendo o ha sucedido un desastre.<\/p>\n<p style=\"text-align: justify;\">Las medidas de prevenci\u00f3n incluyen la realizaci\u00f3n de estudios y an\u00e1lisis para identificar, evaluar y cuantificar el nivel de amenaza, vulnerabilidad y riesgo; as\u00ed como, las acciones para mitigar (reducir) los efectos de los peligros observados, que constituyen el llamado an\u00e1lisis de riesgos.<\/p>\n<p style=\"text-align: justify;\">Un plan de reducci\u00f3n de desastres, es un documento que est\u00e1 dirigido a mitigar o evitar los<br \/>\nefectos que puedan causar los eventos peligrosos identificados sobre la vida y la econom\u00eda de una determinada \u00e1rea territorial.<\/p>\n<div class='w3eden'><!-- WPDM Link Template: Default Template -->\n\n<div class=\"link-template-default card mb-2\">\n    <div class=\"card-body\">\n        <div class=\"media\">\n            <div class=\"mr-3 img-48\"><img class=\"wpdm_icon\" alt=\"Icono\"   src=\"http:\/\/alt-perubolivia.org\/wp-content\/plugins\/download-manager\/assets\/file-type-icons\/pdf.png\" \/><\/div>\n            <div class=\"media-body\">\n                <h3 class=\"package-title\"><a href='https:\/\/alt-perubolivia.org\/?wpdmpro=volumen-a-plan-estrategico-riesgos-tdps'>VOLUMEN A Plan Estrat\u00e9gico Riesgos TDPS<\/a><\/h3>\n                <div class=\"text-muted text-small\"><i class=\"fas fa-copy\"><\/i> 1 archivo(s) <i class=\"fas fa-hdd ml-3\"><\/i> 6.48 Mb<\/div>\n            <\/div>\n            <div class=\"ml-3\">\n                <a class='wpdm-download-link download-on-click btn btn-primary ' rel='nofollow' href='#' data-downloadurl=\"https:\/\/alt-perubolivia.org\/?wpdmpro=volumen-a-plan-estrategico-riesgos-tdps&wpdmdl=1966&refresh=69df2b40027191776233280\">Descargar<\/a>\n            <\/div>\n        <\/div>\n    <\/div>\n<\/div>\n\n<\/div>\n<div class='w3eden'><!-- WPDM Link Template: Default Template -->\n\n<div class=\"link-template-default card mb-2\">\n    <div class=\"card-body\">\n        <div class=\"media\">\n            <div class=\"mr-3 img-48\"><img class=\"wpdm_icon\" alt=\"Icono\"   src=\"http:\/\/alt-perubolivia.org\/wp-content\/plugins\/download-manager\/assets\/file-type-icons\/pdf.png\" \/><\/div>\n            <div class=\"media-body\">\n                <h3 class=\"package-title\"><a href='https:\/\/alt-perubolivia.org\/?wpdmpro=volumen-b-plan-estrategico-riesgos-tdps'>VOLUMEN B Plan Estrategico Riesgos TDPS<\/a><\/h3>\n                <div class=\"text-muted text-small\"><i class=\"fas fa-copy\"><\/i> 1 archivo(s) <i class=\"fas fa-hdd ml-3\"><\/i> 2.83Mb<\/div>\n            <\/div>\n            <div class=\"ml-3\">\n                <a class='wpdm-download-link download-on-click btn btn-primary ' rel='nofollow' href='#' data-downloadurl=\"https:\/\/alt-perubolivia.org\/?wpdmpro=volumen-b-plan-estrategico-riesgos-tdps&wpdmdl=1969&refresh=69df2b400abee1776233280\">Descargar<\/a>\n            <\/div>\n        <\/div>\n    <\/div>\n<\/div>\n\n<\/div>\n","protected":false},"excerpt":{"rendered":"<p>En el \u00e1mbito del sistema TDPS, estos fen\u00f3menos naturales vienen ocurriendo desde hace mucho tiempo y siempre la actuaci\u00f3n de las autoridades de ambos pa\u00edses a todo nivel ha sido [&hellip;]<\/p>\n","protected":false},"author":2,"featured_media":0,"parent":0,"menu_order":0,"comment_status":"closed","ping_status":"closed","template":"","meta":[],"_links":{"self":[{"href":"https:\/\/alt-perubolivia.org\/index.php?rest_route=\/wp\/v2\/pages\/1961"}],"collection":[{"href":"https:\/\/alt-perubolivia.org\/index.php?rest_route=\/wp\/v2\/pages"}],"about":[{"href":"https:\/\/alt-perubolivia.org\/index.php?rest_route=\/wp\/v2\/types\/page"}],"author":[{"embeddable":true,"href":"https:\/\/alt-perubolivia.org\/index.php?rest_route=\/wp\/v2\/users\/2"}],"replies":[{"embeddable":true,"href":"https:\/\/alt-perubolivia.org\/index.php?rest_route=%2Fwp%2Fv2%2Fcomments&post=1961"}],"version-history":[{"count":3,"href":"https:\/\/alt-perubolivia.org\/index.php?rest_route=\/wp\/v2\/pages\/1961\/revisions"}],"predecessor-version":[{"id":1973,"href":"https:\/\/alt-perubolivia.org\/index.php?rest_route=\/wp\/v2\/pages\/1961\/revisions\/1973"}],"wp:attachment":[{"href":"https:\/\/alt-perubolivia.org\/index.php?rest_route=%2Fwp%2Fv2%2Fmedia&parent=1961"}],"curies":[{"name":"wp","href":"https:\/\/api.w.org\/{rel}","templated":true}]}}