{"id":1974,"date":"2023-06-26T15:18:28","date_gmt":"2023-06-26T19:18:28","guid":{"rendered":"http:\/\/alt-perubolivia.org\/?page_id=1974"},"modified":"2023-06-26T15:20:47","modified_gmt":"2023-06-26T19:20:47","slug":"diagnostico-binacional-pesquero-y-acuicola-del-sistema-tdps","status":"publish","type":"page","link":"https:\/\/alt-perubolivia.org\/?page_id=1974","title":{"rendered":"Diagn\u00f3stico Binacional Pesquero y Acu\u00edcola del Sistema TDPS"},"content":{"rendered":"<p style=\"text-align: justify;\">La Autoridad Binacional Aut\u00f3noma del Lago Titicaca \u2013 ALT, presenta el Diagn\u00f3stico Pesquero y Acu\u00edcola en el \u00e1mbito del Sistema H\u00eddrico lago Titicaca, r\u00edo Desaguadero, lago Poop\u00f3 y Salar de Coipasa \u2013 TDPS, elaborado en el marco de los acuerdos binacionales, expresados en el Memor\u00e1ndum Binacional, que aprob\u00f3 el Plan Operativo Anual de la ALT correspondiente a la gesti\u00f3n de 2018 (POA 2018).<\/p>\n<p style=\"text-align: justify;\">El prop\u00f3sito del presente documento, es brindar informaci\u00f3n detallada relacionada con la actividad pesquera y acu\u00edcola, que permita conocer y comprender la situaci\u00f3n y la tendencia actual en el \u00e1mbito del TDPS, basada en la revisi\u00f3n de la documentaci\u00f3n pertinente disponible en Per\u00fa y Bolivia, as\u00ed como la informaci\u00f3n levantada en campo mediante la aplicaci\u00f3n de encuestas a pescadores y acuicultores, y la realizaci\u00f3n de entrevistas a dirigentes pescadores de ambos pa\u00edses.<\/p>\n<p style=\"text-align: justify;\">Despu\u00e9s de 28 a\u00f1os de elaborado el primer Diagn\u00f3stico Pesquero del \u00c1rea Circunlacustre del lago Titicaca (sector peruano) realizado por el Proyecto Especial Lago Titicaca (PELT) en 1993, cuya informaci\u00f3n sirvi\u00f3 de base para el Diagn\u00f3stico y Estudios de Desarrollo Pesquero del Plan Director Global Binacional; y el tercer estudio de esta naturaleza, realizado el 2008 para el PROPESCA, el cual tom\u00f3 en cuenta los resultados del Diagn\u00f3stico de la Pesca Artesanal en la cuenca del Titicaca, realizado por la DIREPRO el 2007. Se ejecuta el presente estudio, siendo este, el cuarto en su g\u00e9nero.<\/p>\n<div class='w3eden'><!-- WPDM Link Template: Default Template -->\n\n<div class=\"link-template-default card mb-2\">\n    <div class=\"card-body\">\n        <div class=\"media\">\n            <div class=\"mr-3 img-48\"><img class=\"wpdm_icon\" alt=\"Icono\"   src=\"http:\/\/alt-perubolivia.org\/wp-content\/plugins\/download-manager\/assets\/file-type-icons\/pdf.png\" \/><\/div>\n            <div class=\"media-body\">\n                <h3 class=\"package-title\"><a href='https:\/\/alt-perubolivia.org\/?wpdmpro=diagnostico-pesquero'>DIAGNOSTICO PESQUERO<\/a><\/h3>\n                <div class=\"text-muted text-small\"><i class=\"fas fa-copy\"><\/i> 1 archivo(s) <i class=\"fas fa-hdd ml-3\"><\/i> 0.00 KB<\/div>\n            <\/div>\n            <div class=\"ml-3\">\n                <a class='wpdm-download-link download-on-click btn btn-primary ' rel='nofollow' href='#' data-downloadurl=\"https:\/\/alt-perubolivia.org\/?wpdmpro=diagnostico-pesquero&wpdmdl=1977&refresh=69df1cf0970cc1776229616\">Descargar<\/a>\n            <\/div>\n        <\/div>\n    <\/div>\n<\/div>\n\n<\/div>\n<div class='w3eden'><!-- WPDM Link Template: Default Template -->\n\n<div class=\"link-template-default card mb-2\">\n    <div class=\"card-body\">\n        <div class=\"media\">\n            <div class=\"mr-3 img-48\"><img class=\"wpdm_icon\" alt=\"Icono\"   src=\"http:\/\/alt-perubolivia.org\/wp-content\/plugins\/download-manager\/assets\/file-type-icons\/pdf.png\" \/><\/div>\n            <div class=\"media-body\">\n                <h3 class=\"package-title\"><a href='https:\/\/alt-perubolivia.org\/?wpdmpro=diagnostico-acuicola'>DIAGNOSTICO ACUICOLA<\/a><\/h3>\n                <div class=\"text-muted text-small\"><i class=\"fas fa-copy\"><\/i> 1 archivo(s) <i class=\"fas fa-hdd ml-3\"><\/i> 0.00 KB<\/div>\n            <\/div>\n            <div class=\"ml-3\">\n                <a class='wpdm-download-link download-on-click btn btn-primary ' rel='nofollow' href='#' data-downloadurl=\"https:\/\/alt-perubolivia.org\/?wpdmpro=diagnostico-acuicola&wpdmdl=1980&refresh=69df1cf0a39781776229616\">Descargar<\/a>\n            <\/div>\n        <\/div>\n    <\/div>\n<\/div>\n\n<\/div>\n<p>&nbsp;<\/p>\n","protected":false},"excerpt":{"rendered":"<p>La Autoridad Binacional Aut\u00f3noma del Lago Titicaca \u2013 ALT, presenta el Diagn\u00f3stico Pesquero y Acu\u00edcola en el \u00e1mbito del Sistema H\u00eddrico lago Titicaca, r\u00edo Desaguadero, lago Poop\u00f3 y Salar de [&hellip;]<\/p>\n","protected":false},"author":2,"featured_media":0,"parent":0,"menu_order":0,"comment_status":"closed","ping_status":"closed","template":"","meta":[],"_links":{"self":[{"href":"https:\/\/alt-perubolivia.org\/index.php?rest_route=\/wp\/v2\/pages\/1974"}],"collection":[{"href":"https:\/\/alt-perubolivia.org\/index.php?rest_route=\/wp\/v2\/pages"}],"about":[{"href":"https:\/\/alt-perubolivia.org\/index.php?rest_route=\/wp\/v2\/types\/page"}],"author":[{"embeddable":true,"href":"https:\/\/alt-perubolivia.org\/index.php?rest_route=\/wp\/v2\/users\/2"}],"replies":[{"embeddable":true,"href":"https:\/\/alt-perubolivia.org\/index.php?rest_route=%2Fwp%2Fv2%2Fcomments&post=1974"}],"version-history":[{"count":2,"href":"https:\/\/alt-perubolivia.org\/index.php?rest_route=\/wp\/v2\/pages\/1974\/revisions"}],"predecessor-version":[{"id":1983,"href":"https:\/\/alt-perubolivia.org\/index.php?rest_route=\/wp\/v2\/pages\/1974\/revisions\/1983"}],"wp:attachment":[{"href":"https:\/\/alt-perubolivia.org\/index.php?rest_route=%2Fwp%2Fv2%2Fmedia&parent=1974"}],"curies":[{"name":"wp","href":"https:\/\/api.w.org\/{rel}","templated":true}]}}