{"id":1991,"date":"2023-06-26T15:31:12","date_gmt":"2023-06-26T19:31:12","guid":{"rendered":"http:\/\/alt-perubolivia.org\/?page_id=1991"},"modified":"2023-06-26T15:32:34","modified_gmt":"2023-06-26T19:32:34","slug":"dinamica-de-metales-pesados-que-afectan-a-cuerpos-de-agua","status":"publish","type":"page","link":"https:\/\/alt-perubolivia.org\/?page_id=1991","title":{"rendered":"Din\u00e1mica de metales pesados que afectan a cuerpos de agua"},"content":{"rendered":"<p style=\"text-align: justify;\">La ALT en el marco de sus objetivos y funciones, y por acuerdo de los pa\u00edses, realiz\u00f3 el \u201cDIN\u00c1MICA DE METALES PESADOS QUE AFECTAN A LOS CUERPOS DE AGUA DEL SISTEMA H\u00cdDRICO LAGO TITICACA, R\u00cdO DESAGUADERO, LAGO POOP\u00d3 Y SALAR DE COIPASA &#8211; TDPS\u201d, cuyos trabajos de campo fueron realizados del 17 al 26 de diciembre de 2020 (\u00e9poca de creciente) y del 22 al 29 de septiembre de 2021 (\u00e9poca de estiaje). La informaci\u00f3n presentada en el presente estudio permite conocer la calidad del agua desde el punto de vista de los metales pesados mediante su din\u00e1mica; con especial \u00e9nfasis en el estudio del ars\u00e9nico y sus especies, tanto en aguas superficiales, subterr\u00e1neas y sedimentos.<\/p>\n<p>As\u00ed mismo, en base a la informaci\u00f3n disponible relacionada con la geolog\u00eda regional del Sistema TDPS, establece en t\u00e9rminos generales el origen y su distribuci\u00f3n, adem\u00e1s de algunas causas antropog\u00e9nicas, que influyen en la alteraci\u00f3n de la calidad del agua de determinados r\u00edos y pozos.<\/p>\n<p style=\"text-align: justify;\">Cabe destacar, que las razones principales que justificaron la realizaci\u00f3n del estudio, en primer lugar, fueron los usos del agua para consumo humano, riego y bebida de animales, y la conservaci\u00f3n del ecosistema acu\u00e1tico, ello teniendo en cuenta que la calidad del agua de los diversos cuerpos de agua (superficial y subterr\u00e1neas) son fuentes de abastecimiento tanto, para poblaciones del \u00e1mbito rural como urbano. En segundo lugar, conocer la predominancia de las especies del ars\u00e9nico: arsenito (As III) o arsenato (As V), con respecto a la incidencia negativa de una de ellas en la salud de las personas como el medio ambiente, y que considera la presencia de algunos metales pesados en altas concentraciones que constituyen un problema cr\u00edtico en t\u00e9rminos ambientales, y de salud p\u00fablica, debido a su toxicidad, aunque para el caso del \u00e1mbito de estudio, no existe informaci\u00f3n al respecto.<\/p>\n<p style=\"text-align: justify;\">Por lo tanto, el presente estudio constituye en una valiosa fuente de informaci\u00f3n, que permite conocer y comprender la calidad de las aguas superficiales y subterr\u00e1neas, y su relaci\u00f3n con las fuentes (naturales o antropog\u00e9nicas), la din\u00e1mica y la interacci\u00f3n con otros elementos qu\u00edmicos en las aguas que pueden afectar su uso; informaci\u00f3n \u00fatil para la toma de decisiones de las autoridades competentes en materia de recursos h\u00eddricos y abastecimiento de agua potable de Per\u00fa y Bolivia.<\/p>\n<div class='w3eden'><!-- WPDM Link Template: Default Template -->\n\n<div class=\"link-template-default card mb-2\">\n    <div class=\"card-body\">\n        <div class=\"media\">\n            <div class=\"mr-3 img-48\"><img class=\"wpdm_icon\" alt=\"Icono\"   src=\"http:\/\/alt-perubolivia.org\/wp-content\/plugins\/download-manager\/assets\/file-type-icons\/pdf.png\" \/><\/div>\n            <div class=\"media-body\">\n                <h3 class=\"package-title\"><a href='https:\/\/alt-perubolivia.org\/?wpdmpro=dinamica-de-metales-pesados-que-afectan-a-cuerpos-de-agua'>DIN\u00c1MICA DE METALES PESADOS QUE AFECTAN A CUERPOS DE AGUA<\/a><\/h3>\n                <div class=\"text-muted text-small\"><i class=\"fas fa-copy\"><\/i> 1 archivo(s) <i class=\"fas fa-hdd ml-3\"><\/i> 0.00 KB<\/div>\n            <\/div>\n            <div class=\"ml-3\">\n                <a class='wpdm-download-link download-on-click btn btn-primary ' rel='nofollow' href='#' data-downloadurl=\"https:\/\/alt-perubolivia.org\/?wpdmpro=dinamica-de-metales-pesados-que-afectan-a-cuerpos-de-agua&wpdmdl=1993&refresh=69df1898a80e41776228504\">Descargar<\/a>\n            <\/div>\n        <\/div>\n    <\/div>\n<\/div>\n\n<\/div>\n<p>&nbsp;<\/p>\n","protected":false},"excerpt":{"rendered":"<p>La ALT en el marco de sus objetivos y funciones, y por acuerdo de los pa\u00edses, realiz\u00f3 el \u201cDIN\u00c1MICA DE METALES PESADOS QUE AFECTAN A LOS CUERPOS DE AGUA DEL [&hellip;]<\/p>\n","protected":false},"author":2,"featured_media":0,"parent":0,"menu_order":0,"comment_status":"closed","ping_status":"closed","template":"","meta":[],"_links":{"self":[{"href":"https:\/\/alt-perubolivia.org\/index.php?rest_route=\/wp\/v2\/pages\/1991"}],"collection":[{"href":"https:\/\/alt-perubolivia.org\/index.php?rest_route=\/wp\/v2\/pages"}],"about":[{"href":"https:\/\/alt-perubolivia.org\/index.php?rest_route=\/wp\/v2\/types\/page"}],"author":[{"embeddable":true,"href":"https:\/\/alt-perubolivia.org\/index.php?rest_route=\/wp\/v2\/users\/2"}],"replies":[{"embeddable":true,"href":"https:\/\/alt-perubolivia.org\/index.php?rest_route=%2Fwp%2Fv2%2Fcomments&post=1991"}],"version-history":[{"count":3,"href":"https:\/\/alt-perubolivia.org\/index.php?rest_route=\/wp\/v2\/pages\/1991\/revisions"}],"predecessor-version":[{"id":1998,"href":"https:\/\/alt-perubolivia.org\/index.php?rest_route=\/wp\/v2\/pages\/1991\/revisions\/1998"}],"wp:attachment":[{"href":"https:\/\/alt-perubolivia.org\/index.php?rest_route=%2Fwp%2Fv2%2Fmedia&parent=1991"}],"curies":[{"name":"wp","href":"https:\/\/api.w.org\/{rel}","templated":true}]}}