{"id":1999,"date":"2023-06-26T15:34:44","date_gmt":"2023-06-26T19:34:44","guid":{"rendered":"http:\/\/alt-perubolivia.org\/?page_id=1999"},"modified":"2023-06-26T15:35:53","modified_gmt":"2023-06-26T19:35:53","slug":"recuperacion-de-la-bahia-interior-de-puno","status":"publish","type":"page","link":"https:\/\/alt-perubolivia.org\/?page_id=1999","title":{"rendered":"Recuperaci\u00f3n de la Bah\u00eda Interior de Puno"},"content":{"rendered":"<p style=\"text-align: justify;\">El Expediente T\u00e9cnico del proyecto \u201cRecuperaci\u00f3n de la calidad ambiental de la Bah\u00eda Interior de Puno, distrito, provincia y departamento de Puno\u201d o estudio definitivo de la alternativa ganadora analizada en el Perfil del proyecto; aqu\u00ed se desarrolla la alternativa seleccionada. para solucionar el problema de la mala calidad del agua y eutrofizaci\u00f3n de la misma existente en el ecosistema acu\u00e1tico denominado Bah\u00eda Interior de Puno (BIP) de lago Titicaca, en cuyas orillas se desarrolla la ciudad de Puno, capital del Departamento; esta ciudad y su bah\u00eda constituyen la primera imagen natural que representa al lago Titicaca, a la que tienen acceso miles de turistas nacionales y extranjeros, y que es el punto de acceso al circuito tur\u00edstico lacustre hacia las islas de los Uros, Taquile, Amantani, etc.<\/p>\n<p style=\"text-align: justify;\">Actualmente el 100% del \u00e1rea y volumen de este cuerpo de agua se encuentra afectado por la contaminaci\u00f3n y eutrofizaci\u00f3n, que ha causado la p\u00e9rdida de importantes servicios ecosist\u00e9micos (pesca, forraje, recreaci\u00f3n, etc.), que, hasta hace pocos a\u00f1os este ecosistema brindaba a la poblaci\u00f3n de la ciudad de Puno y a los turistas; asimismo, la BIP del lago Titicaca, es el m\u00e1ximo referente ambiental relacionado con la identidad de los ciudadanos de Puno, es decir, que existe un v\u00ednculo trascendental, una dependencia \u00fanica entre la ciudad y el lago Titicaca, coadyuvando al imaginario social como referente m\u00e1ximo al lago Titicaca, porque es un importante recurso natural, un referente mundial, hist\u00f3rico, cultural, tur\u00edstico y econ\u00f3mico, razones por las que el 92% de la poblaci\u00f3n de la ciudad de Puno la considera como una parte importante de la ciudad; adem\u00e1s el ecosistema de la Bah\u00eda Interior de Puno est\u00e1 incluida dentro de la Reserva Nacional del Titicaca.<\/p>\n<p style=\"text-align: justify;\">En ese contexto, la Municipalidad Provincial del Puno (MPP), en el marco de sus competencias, en coordinaci\u00f3n con el Ministerio del Ambiente (MINAM) y la Autoridad Binacional Aut\u00f3noma del Lago Titicaca (ALT), se ha propuesto recuperar la calidad ambiental del ecosistema de la Bah\u00eda Interior de Puno, con el prop\u00f3sito de contribuir a la mejorar de la calidad de vida y bienestar de la poblaci\u00f3n, as\u00ed como reducir el riesgo de contaminaci\u00f3n de la principal fuente de agua de captaci\u00f3n de agua para uso poblacional que est\u00e1 localizada en el sector Chimu; por ello, continuando el ciclo del proyecto, se elabora el presente Expediente T\u00e9cnico, con la finalidad de proseguir con la etapa de inversi\u00f3n y operaci\u00f3n, a fin de hacer realidad la descontaminaci\u00f3n del agua de esta bah\u00eda.<\/p>\n<div class='w3eden'><!-- WPDM Link Template: Default Template -->\n\n<div class=\"link-template-default card mb-2\">\n    <div class=\"card-body\">\n        <div class=\"media\">\n            <div class=\"mr-3 img-48\"><img class=\"wpdm_icon\" alt=\"Icono\"   src=\"http:\/\/alt-perubolivia.org\/wp-content\/plugins\/download-manager\/assets\/file-type-icons\/pdf.png\" \/><\/div>\n            <div class=\"media-body\">\n                <h3 class=\"package-title\"><a href='https:\/\/alt-perubolivia.org\/?wpdmpro=recuperacion-de-la-bahia-interior-de-puno'>RECUPERACI\u00d3N DE LA BAH\u00cdA INTERIOR DE PUNO<\/a><\/h3>\n                <div class=\"text-muted text-small\"><i class=\"fas fa-copy\"><\/i> 1 archivo(s) <i class=\"fas fa-hdd ml-3\"><\/i> 0.00 KB<\/div>\n            <\/div>\n            <div class=\"ml-3\">\n                <a class='wpdm-download-link download-on-click btn btn-primary ' rel='nofollow' href='#' data-downloadurl=\"https:\/\/alt-perubolivia.org\/?wpdmpro=recuperacion-de-la-bahia-interior-de-puno&wpdmdl=2001&refresh=69df180938f841776228361\">Descargar<\/a>\n            <\/div>\n        <\/div>\n    <\/div>\n<\/div>\n\n<\/div>\n","protected":false},"excerpt":{"rendered":"<p>El Expediente T\u00e9cnico del proyecto \u201cRecuperaci\u00f3n de la calidad ambiental de la Bah\u00eda Interior de Puno, distrito, provincia y departamento de Puno\u201d o estudio definitivo de la alternativa ganadora analizada [&hellip;]<\/p>\n","protected":false},"author":2,"featured_media":0,"parent":0,"menu_order":0,"comment_status":"closed","ping_status":"closed","template":"","meta":[],"_links":{"self":[{"href":"https:\/\/alt-perubolivia.org\/index.php?rest_route=\/wp\/v2\/pages\/1999"}],"collection":[{"href":"https:\/\/alt-perubolivia.org\/index.php?rest_route=\/wp\/v2\/pages"}],"about":[{"href":"https:\/\/alt-perubolivia.org\/index.php?rest_route=\/wp\/v2\/types\/page"}],"author":[{"embeddable":true,"href":"https:\/\/alt-perubolivia.org\/index.php?rest_route=\/wp\/v2\/users\/2"}],"replies":[{"embeddable":true,"href":"https:\/\/alt-perubolivia.org\/index.php?rest_route=%2Fwp%2Fv2%2Fcomments&post=1999"}],"version-history":[{"count":2,"href":"https:\/\/alt-perubolivia.org\/index.php?rest_route=\/wp\/v2\/pages\/1999\/revisions"}],"predecessor-version":[{"id":2005,"href":"https:\/\/alt-perubolivia.org\/index.php?rest_route=\/wp\/v2\/pages\/1999\/revisions\/2005"}],"wp:attachment":[{"href":"https:\/\/alt-perubolivia.org\/index.php?rest_route=%2Fwp%2Fv2%2Fmedia&parent=1999"}],"curies":[{"name":"wp","href":"https:\/\/api.w.org\/{rel}","templated":true}]}}