{"id":2006,"date":"2023-06-26T15:40:45","date_gmt":"2023-06-26T19:40:45","guid":{"rendered":"http:\/\/alt-perubolivia.org\/?page_id=2006"},"modified":"2023-06-26T15:41:51","modified_gmt":"2023-06-26T19:41:51","slug":"manejo-sostenible-de-los-totorales-en-los-lagos-uru-uru-y-poopo","status":"publish","type":"page","link":"https:\/\/alt-perubolivia.org\/?page_id=2006","title":{"rendered":"Manejo Sostenible de los Totorales en los lagos Uru Uru y Poop\u00f3"},"content":{"rendered":"<p style=\"text-align: justify;\">Los totorales presentes en estos lagos son considerados como humedales de gran importancia regional, siendo un ecosistema muy importante para mitigar los efectos del cambio clim\u00e1tico en el medio ambiente, porque pueden absorber cantidades de gases de efecto invernadero desde la atm\u00f3sfera, almacenando el carbono en los tejidos vegetales y en el suelo; as\u00ed mismo los totorales juegan un papel primordial como h\u00e1bitat de aves y especies acu\u00e1ticas.<\/p>\n<p style=\"text-align: justify;\">Actualmente pobladores de la zona del proyecto utilizan este recurso como forraje, sin embargo, debido a la gran extensi\u00f3n y cantidad de biomasa que se genera los mismos sobrepasan la capacidad de consumo debido a la escasa cantidad de ganado que pasta en los totorales; generan extensas \u00e1reas con totora en estado fisiol\u00f3gico de senectud lo que equivale a totora con tallos fibrosos y secos, en estas condiciones el ganado vacuno no consume y los pobladores queman estas \u00e1reas con la finalidad de que las plantas de totora quemadas en el siguiente a\u00f1o producen nuevos rebrotes que son consumidos por el ganado, asimismo, el escaso consumo de los totorales genera problemas de incremento de sedimentos por la gradual descomposici\u00f3n de la biomasa, aportando en el aumento gradual del nivel de suelo, por tanto, es prioritario la remoci\u00f3n de esta totora seca.<\/p>\n<p style=\"text-align: justify;\">Frente al deterioro del ecosistema de los totorales el proyecto propone coadyuvar a la conservaci\u00f3n del ecosistema mediante medidas que permitan monitorear la din\u00e1mica de eventos que se suscitan en estos ecosistemas, tales como la quema, seguimiento a los niveles de fluctuaci\u00f3n de los cuerpos de agua, seguimiento a los flujos migratorios de aves as\u00ed como su caracterizaci\u00f3n y cuantificaci\u00f3n, as\u00ed mismo se propone acciones de usos alternativos para la totora como la transformaci\u00f3n en forraje alternativo (ensilados y henos), el fortalecimiento a la elaboraci\u00f3n de artesan\u00edas y el reimplante de totora en zonas que as\u00ed lo requieran.<\/p>\n<div class='w3eden'><!-- WPDM Link Template: Default Template -->\n\n<div class=\"link-template-default card mb-2\">\n    <div class=\"card-body\">\n        <div class=\"media\">\n            <div class=\"mr-3 img-48\"><img class=\"wpdm_icon\" alt=\"Icono\"   src=\"http:\/\/alt-perubolivia.org\/wp-content\/plugins\/download-manager\/assets\/file-type-icons\/pdf.png\" \/><\/div>\n            <div class=\"media-body\">\n                <h3 class=\"package-title\"><a href='https:\/\/alt-perubolivia.org\/?wpdmpro=manejo-sostenible-de-los-totorales-en-los-lagos-uru-uru-y-poopo'>MANEJO SOSTENIBLE DE LOS TOTORALES EN LOS LAGOS URU URU Y POOP\u00d3<\/a><\/h3>\n                <div class=\"text-muted text-small\"><i class=\"fas fa-copy\"><\/i> 1 archivo(s) <i class=\"fas fa-hdd ml-3\"><\/i> 0.00 KB<\/div>\n            <\/div>\n            <div class=\"ml-3\">\n                <a class='wpdm-download-link download-on-click btn btn-primary ' rel='nofollow' href='#' data-downloadurl=\"https:\/\/alt-perubolivia.org\/?wpdmpro=manejo-sostenible-de-los-totorales-en-los-lagos-uru-uru-y-poopo&wpdmdl=2008&refresh=69df2a8235ac21776233090\">Descargar<\/a>\n            <\/div>\n        <\/div>\n    <\/div>\n<\/div>\n\n<\/div>\n","protected":false},"excerpt":{"rendered":"<p>Los totorales presentes en estos lagos son considerados como humedales de gran importancia regional, siendo un ecosistema muy importante para mitigar los efectos del cambio clim\u00e1tico en el medio ambiente, [&hellip;]<\/p>\n","protected":false},"author":2,"featured_media":0,"parent":0,"menu_order":0,"comment_status":"closed","ping_status":"closed","template":"","meta":[],"_links":{"self":[{"href":"https:\/\/alt-perubolivia.org\/index.php?rest_route=\/wp\/v2\/pages\/2006"}],"collection":[{"href":"https:\/\/alt-perubolivia.org\/index.php?rest_route=\/wp\/v2\/pages"}],"about":[{"href":"https:\/\/alt-perubolivia.org\/index.php?rest_route=\/wp\/v2\/types\/page"}],"author":[{"embeddable":true,"href":"https:\/\/alt-perubolivia.org\/index.php?rest_route=\/wp\/v2\/users\/2"}],"replies":[{"embeddable":true,"href":"https:\/\/alt-perubolivia.org\/index.php?rest_route=%2Fwp%2Fv2%2Fcomments&post=2006"}],"version-history":[{"count":2,"href":"https:\/\/alt-perubolivia.org\/index.php?rest_route=\/wp\/v2\/pages\/2006\/revisions"}],"predecessor-version":[{"id":2012,"href":"https:\/\/alt-perubolivia.org\/index.php?rest_route=\/wp\/v2\/pages\/2006\/revisions\/2012"}],"wp:attachment":[{"href":"https:\/\/alt-perubolivia.org\/index.php?rest_route=%2Fwp%2Fv2%2Fmedia&parent=2006"}],"curies":[{"name":"wp","href":"https:\/\/api.w.org\/{rel}","templated":true}]}}